{"id":72,"date":"2025-07-30T18:43:38","date_gmt":"2025-07-30T18:43:38","guid":{"rendered":"https:\/\/jci.lv\/?page_id=72"},"modified":"2026-04-22T08:28:58","modified_gmt":"2026-04-22T08:28:58","slug":"iespejas-partneriem","status":"publish","type":"page","link":"https:\/\/jci.lv\/en\/iespejas-partneriem\/","title":{"rendered":"Opportunities for partners"},"content":{"rendered":"<section class=\"bde-section-72-128 bde-section\">\n  \n  \n\t\n\n\n\n<div class=\"section-container\"><h1 class=\"bde-heading-72-129 bde-heading\">\nK\u0101 sadarb\u012bba ar mums var pal\u012bdz\u0113t J\u016bsu uz\u0146\u0113mumam?\n<\/h1><\/div>\n<\/section><section class=\"bde-section-72-100 bde-section\">\n  \n  \n\t\n\n\n\n<div class=\"section-container\"><div class=\"bde-columns-72-101 bde-columns\"><div class=\"bde-column-72-102 bde-column\">\n  \n  \n\t\n\n\n\n<img decoding=\"async\" class=\"bde-image2-72-108 bde-image2\" src=\"https:\/\/jci.lv\/wp-content\/uploads\/2025\/07\/WhatsApp-Image-2025-07-29-at-14.00.26-768x1024.jpeg\" loading=\"lazy\" srcset=\"https:\/\/jci.lv\/wp-content\/uploads\/2025\/07\/WhatsApp-Image-2025-07-29-at-14.00.26-768x1024.jpeg 768w, https:\/\/jci.lv\/wp-content\/uploads\/2025\/07\/WhatsApp-Image-2025-07-29-at-14.00.26-225x300.jpeg 225w, https:\/\/jci.lv\/wp-content\/uploads\/2025\/07\/WhatsApp-Image-2025-07-29-at-14.00.26-1152x1536.jpeg 1152w\" sizes=\"(max-width: 768px) 100vw, 768px\">\n<\/div><div class=\"bde-column-72-103 bde-column\">\n  \n  \n\t\n\n\n\n<h3 class=\"bde-heading-72-104 bde-heading\">\nStarptautiska redzam\u012bba un t\u012bklo\u0161an\u0101s iesp\u0113jas\n<\/h3><div class=\"bde-text-72-106 bde-text\">\n\u00a0JCI Latvia ir da\u013ca no glob\u0101la t\u012bkla vair\u0101k nek\u0101 100 valst\u012bs, kas \u013cauj z\u012bmolam sasniegt pla\u0161u, starptautisku auditoriju. Partneri ieg\u016bst piek\u013cuvi biznesa pas\u0101kumiem, konferenc\u0113m un t\u012bklo\u0161an\u0101s iesp\u0113j\u0101m ar uz\u0146\u0113m\u0113jiem un l\u012bderiem vis\u0101 pasaul\u0113.\n<\/div>\n<\/div><\/div><\/div>\n<\/section><section class=\"bde-section-72-110 bde-section\">\n  \n  \n\t\n\n\n\n<div class=\"section-container\"><div class=\"bde-columns-72-111 bde-columns\"><div class=\"bde-column-72-112 bde-column\">\n  \n  \n\t\n\n\n\n<img decoding=\"async\" class=\"bde-image2-72-113 bde-image2\" src=\"https:\/\/jci.lv\/wp-content\/uploads\/2025\/07\/WhatsApp-Image-2025-07-29-at-14.00.30-768x512.jpeg\" loading=\"lazy\" srcset=\"https:\/\/jci.lv\/wp-content\/uploads\/2025\/07\/WhatsApp-Image-2025-07-29-at-14.00.30.jpeg 1600w, https:\/\/jci.lv\/wp-content\/uploads\/2025\/07\/WhatsApp-Image-2025-07-29-at-14.00.30-300x200.jpeg 300w, https:\/\/jci.lv\/wp-content\/uploads\/2025\/07\/WhatsApp-Image-2025-07-29-at-14.00.30-1024x682.jpeg 1024w, https:\/\/jci.lv\/wp-content\/uploads\/2025\/07\/WhatsApp-Image-2025-07-29-at-14.00.30-768x512.jpeg 768w, https:\/\/jci.lv\/wp-content\/uploads\/2025\/07\/WhatsApp-Image-2025-07-29-at-14.00.30-1536x1023.jpeg 1536w\" sizes=\"(max-width: 1600px) 100vw, 1600px\">\n<\/div><div class=\"bde-column-72-114 bde-column\">\n  \n  \n\t\n\n\n\n<h3 class=\"bde-heading-72-115 bde-heading\">\nUzticama vide uz\u0146\u0113m\u0113jdarb\u012bbas att\u012bst\u012bbai\n<\/h3><div class=\"bde-text-72-116 bde-text\">\nJCI Latvia apvieno ambiciozus un akt\u012bvus l\u012bderus, kuri veido sabiedr\u012bb\u0101 noz\u012bm\u012bgas iniciat\u012bvas un biznesa projektus. Reklam\u0113joties \u0161aj\u0101 vid\u0113, partneri sasniedz m\u0113r\u0137auditoriju, kas nov\u0113rt\u0113 kvalit\u0101ti, att\u012bst\u012bbu un soci\u0101lo ietekmi.\n<\/div>\n<\/div><\/div><\/div>\n<\/section><section class=\"bde-section-72-118 bde-section\">\n  \n  \n\t\n\n\n\n<div class=\"section-container\"><div class=\"bde-columns-72-119 bde-columns\"><div class=\"bde-column-72-120 bde-column\">\n  \n  \n\t\n\n\n\n<img decoding=\"async\" class=\"bde-image2-72-121 bde-image2\" src=\"https:\/\/jci.lv\/wp-content\/uploads\/2025\/07\/WhatsApp-Image-2025-07-29-at-14.02.16-768x1152.jpeg\" loading=\"lazy\" srcset=\"https:\/\/jci.lv\/wp-content\/uploads\/2025\/07\/WhatsApp-Image-2025-07-29-at-14.02.16.jpeg 1067w, https:\/\/jci.lv\/wp-content\/uploads\/2025\/07\/WhatsApp-Image-2025-07-29-at-14.02.16-200x300.jpeg 200w, https:\/\/jci.lv\/wp-content\/uploads\/2025\/07\/WhatsApp-Image-2025-07-29-at-14.02.16-683x1024.jpeg 683w, https:\/\/jci.lv\/wp-content\/uploads\/2025\/07\/WhatsApp-Image-2025-07-29-at-14.02.16-768x1152.jpeg 768w, https:\/\/jci.lv\/wp-content\/uploads\/2025\/07\/WhatsApp-Image-2025-07-29-at-14.02.16-1024x1536.jpeg 1024w\" sizes=\"(max-width: 1067px) 100vw, 1067px\">\n<\/div><div class=\"bde-column-72-122 bde-column\">\n  \n  \n\t\n\n\n\n<h3 class=\"bde-heading-72-123 bde-heading\">\nVeiksm\u012bga z\u012bmola pozicion\u0113\u0161ana\n<\/h3><div class=\"bde-text-72-124 bde-text\">\nSadarb\u012bba ar JCI pal\u012bdz pozicion\u0113t uz\u0146\u0113mumu k\u0101 atbild\u012bgu, v\u0113rt\u012bb\u0101s balst\u012btu z\u012bmolu, kas atbalsta jaunos l\u012bderus un sabiedr\u012bbas izaugsmi. Tas veicina emocion\u0101lu saikni ar auditoriju, kas mekl\u0113 j\u0113gpilnus produktus un partnerus.\n<\/div>\n<\/div><\/div><\/div>\n<\/section><section class=\"bde-section-72-126 bde-section\">\n  \n  \n\t\n\n\n\n<div class=\"section-container\"><div class=\"bde-div-72-131 bde-div\">\n  \n  \n\t\n\n\n\n<h1 class=\"bde-heading-72-130 bde-heading\">\nM\u016bsu partneri\n<\/h1>\n<\/div><div class=\"bde-div-72-138 bde-div\">\n  \n  \n\t\n\n\n\n<div class=\"bde-logo-list-72-139 bde-logo-list gradient-overlay__both to-right un-static-image-grid\">\n\n                    <div class=\"un-logo-bar__logo-wrapper\">\n          <img loading=\"lazy\" decoding=\"async\" class=\"breakdance-image-object\" src=\"https:\/\/jci.lv\/wp-content\/uploads\/2025\/07\/Untitled-design-18.png\" width=\"250\" height=\"250\" srcset=\"https:\/\/jci.lv\/wp-content\/uploads\/2025\/07\/Untitled-design-18.png 250w, https:\/\/jci.lv\/wp-content\/uploads\/2025\/07\/Untitled-design-18-150x150.png 150w\" sizes=\"auto, (max-width: 250px) 100vw, 250px\">\n        <\/div>\n                          <div class=\"un-logo-bar__logo-wrapper\">\n          <img loading=\"lazy\" decoding=\"async\" class=\"breakdance-image-object\" src=\"https:\/\/jci.lv\/wp-content\/uploads\/2025\/07\/Untitled-design-17.png\" width=\"250\" height=\"250\" srcset=\"https:\/\/jci.lv\/wp-content\/uploads\/2025\/07\/Untitled-design-17.png 250w, https:\/\/jci.lv\/wp-content\/uploads\/2025\/07\/Untitled-design-17-150x150.png 150w\" sizes=\"auto, (max-width: 250px) 100vw, 250px\">\n        <\/div>\n                          <div class=\"un-logo-bar__logo-wrapper\">\n          <img loading=\"lazy\" decoding=\"async\" class=\"breakdance-image-object\" src=\"https:\/\/jci.lv\/wp-content\/uploads\/2025\/07\/Untitled-design-16.png\" width=\"250\" height=\"250\" srcset=\"https:\/\/jci.lv\/wp-content\/uploads\/2025\/07\/Untitled-design-16.png 250w, https:\/\/jci.lv\/wp-content\/uploads\/2025\/07\/Untitled-design-16-150x150.png 150w\" sizes=\"auto, (max-width: 250px) 100vw, 250px\">\n        <\/div>\n                          <div class=\"un-logo-bar__logo-wrapper\">\n          <img loading=\"lazy\" decoding=\"async\" class=\"breakdance-image-object\" src=\"https:\/\/jci.lv\/wp-content\/uploads\/2025\/07\/Untitled-design-15.png\" width=\"250\" height=\"250\" srcset=\"https:\/\/jci.lv\/wp-content\/uploads\/2025\/07\/Untitled-design-15.png 250w, https:\/\/jci.lv\/wp-content\/uploads\/2025\/07\/Untitled-design-15-150x150.png 150w\" sizes=\"auto, (max-width: 250px) 100vw, 250px\">\n        <\/div>\n                <\/div>\n<\/div><\/div>\n<\/section><section class=\"bde-section-72-133 bde-section\">\n  \n  \n\t\n\n\n\n<div class=\"section-container\"><div class=\"bde-div-72-134 bde-div\">\n  \n  \n\t\n\n\n\n<h1 class=\"bde-heading-72-135 bde-heading\">\nContact us\n<\/h1>\n<\/div><div class=\"bde-div-72-136 bde-div\">\n  \n  \n\t\n\n\n\n<div class=\"bde-rich-text-72-141 bde-rich-text breakdance-rich-text-styles\">\n<p>Ja radu\u0161\u0101s k\u0101das idejas sadarb\u012bbai, sazinies ar m\u016bsu organiz\u0101cijas kontaktpersonu. Esam pieejami un gatavi atbild\u0113t uz visiem J\u016bsu jaut\u0101jumiem.<\/p>\n<p>Sazinies ar mums e-past\u0101, caur kontaktformu spie\u017eot<strong> <a href=\"http:\/\/jci.lv\/en\/kontakti\/\">\u0160EIT<\/a><\/strong><\/p>\n<p>Vai zvani: +371 29400930<\/p>\n<\/div>\n<\/div><\/div>\n<\/section>","protected":false},"excerpt":{"rendered":"<p>K\u0101 sadarb\u012bba ar mums var pal\u012bdz\u0113t J\u016bsu uz\u0146\u0113mumam? Starptautiska redzam\u012bba un t\u012bklo\u0161an\u0101s iesp\u0113jas \u00a0JCI Latvia ir da\u013ca no glob\u0101la t\u012bkla vair\u0101k nek\u0101 100 valst\u012bs, kas \u013cauj z\u012bmolam sasniegt pla\u0161u, starptautisku auditoriju. Partneri ieg\u016bst piek\u013cuvi biznesa pas\u0101kumiem, konferenc\u0113m un t\u012bklo\u0161an\u0101s iesp\u0113j\u0101m ar uz\u0146\u0113m\u0113jiem un l\u012bderiem vis\u0101 pasaul\u0113. Uzticama vide uz\u0146\u0113m\u0113jdarb\u012bbas att\u012bst\u012bbai JCI Latvia apvieno ambiciozus un [&hellip;]<\/p>","protected":false},"author":1,"featured_media":0,"parent":0,"menu_order":0,"comment_status":"closed","ping_status":"closed","template":"","meta":{"_breakdance_hide_in_design_set":false,"_breakdance_tags":"","footnotes":""},"class_list":["post-72","page","type-page","status-publish","hentry"],"_links":{"self":[{"href":"https:\/\/jci.lv\/en\/wp-json\/wp\/v2\/pages\/72","targetHints":{"allow":["GET"]}}],"collection":[{"href":"https:\/\/jci.lv\/en\/wp-json\/wp\/v2\/pages"}],"about":[{"href":"https:\/\/jci.lv\/en\/wp-json\/wp\/v2\/types\/page"}],"author":[{"embeddable":true,"href":"https:\/\/jci.lv\/en\/wp-json\/wp\/v2\/users\/1"}],"replies":[{"embeddable":true,"href":"https:\/\/jci.lv\/en\/wp-json\/wp\/v2\/comments?post=72"}],"version-history":[{"count":8,"href":"https:\/\/jci.lv\/en\/wp-json\/wp\/v2\/pages\/72\/revisions"}],"predecessor-version":[{"id":273,"href":"https:\/\/jci.lv\/en\/wp-json\/wp\/v2\/pages\/72\/revisions\/273"}],"wp:attachment":[{"href":"https:\/\/jci.lv\/en\/wp-json\/wp\/v2\/media?parent=72"}],"curies":[{"name":"wp","href":"https:\/\/api.w.org\/{rel}","templated":true}]}}