{"id":66,"date":"2025-07-30T22:03:19","date_gmt":"2025-07-30T22:03:19","guid":{"rendered":"https:\/\/jci.lv\/?page_id=66"},"modified":"2026-04-22T08:29:15","modified_gmt":"2026-04-22T08:29:15","slug":"iespejas-biedriem","status":"publish","type":"page","link":"https:\/\/jci.lv\/en\/iespejas-biedriem\/","title":{"rendered":"Opportunities for members"},"content":{"rendered":"<section class=\"bde-section-66-100 bde-section\">\n              \n  \n  \n\t\n\n  <div class=\"section-background-overlay\"><\/div>\n\n\n<div class=\"section-container\"><h1 class=\"bde-heading-66-101 bde-heading\">\nExpand yourself and your business internationally!\n<\/h1><div class=\"bde-icon-66-107 bde-icon\">\n\n    \n            <div class=\"bde-icon-icon breakdance-icon-atom\" >\n    \n                    <svg xmlns=\"http:\/\/www.w3.org\/2000\/svg\" viewbox=\"0 0 448 512\"><!-- Font Awesome Free 5.15.1 by @fontawesome - https:\/\/fontawesome.com License - https:\/\/fontawesome.com\/license\/free (Icons: CC BY 4.0, Fonts: SIL OFL 1.1, Code: MIT License) --><path d=\"M413.1 222.5l22.2 22.2c9.4 9.4 9.4 24.6 0 33.9L241 473c-9.4 9.4-24.6 9.4-33.9 0L12.7 278.6c-9.4-9.4-9.4-24.6 0-33.9l22.2-22.2c9.5-9.5 25-9.3 34.3.4L184 343.4V56c0-13.3 10.7-24 24-24h32c13.3 0 24 10.7 24 24v287.4l114.8-120.5c9.3-9.8 24.8-10 34.3-.4z\"\/><\/svg>\n        \n        \n        \n            <\/div>\n    \n\n\n<\/div><\/div>\n<\/section><section class=\"bde-section-66-108 bde-section\">\n  \n  \n\t\n\n\n\n<div class=\"section-container\"><div class=\"bde-columns-66-109 bde-columns\"><div class=\"bde-column-66-114 bde-column\">\n  \n  \n\t\n\n\n\n<img decoding=\"async\" class=\"bde-image2-66-115 bde-image2\" src=\"https:\/\/jci.lv\/wp-content\/uploads\/2025\/07\/WhatsApp-Image-2025-07-29-at-14.02.14-768x512.jpeg\" loading=\"lazy\" srcset=\"https:\/\/jci.lv\/wp-content\/uploads\/2025\/07\/WhatsApp-Image-2025-07-29-at-14.02.14-768x512.jpeg 768w, https:\/\/jci.lv\/wp-content\/uploads\/2025\/07\/WhatsApp-Image-2025-07-29-at-14.02.14-300x200.jpeg 300w, https:\/\/jci.lv\/wp-content\/uploads\/2025\/07\/WhatsApp-Image-2025-07-29-at-14.02.14-1024x683.jpeg 1024w, https:\/\/jci.lv\/wp-content\/uploads\/2025\/07\/WhatsApp-Image-2025-07-29-at-14.02.14-1536x1024.jpeg 1536w\" sizes=\"(max-width: 768px) 100vw, 768px\">\n<\/div><div class=\"bde-column-66-110 bde-column\">\n  \n  \n\t\n\n\n\n<h2 class=\"bde-heading-66-111 bde-heading\">\nHow does JCI help you become an international leader?\n<\/h2><div class=\"bde-text-66-112 bde-text\">\nJCI is a global platform for young leaders to develop skills, inspire and connect. JCI members gain valuable experience in project management, develop an entrepreneurial spirit, improve public speaking skills and build diplomatic relations in an international environment.<br><br>Being part of the JCI gives you the opportunity not only to pursue ideas in projects that matter to society, but also to be part of an international network of presidents, world-class entrepreneurs and smart personalities.<br><br>Informal meetings, public speaking training and intercultural networking are just some of the opportunities JCI offers to future leaders.\n<\/div>\n<\/div><\/div><\/div>\n<\/section><section class=\"bde-section-66-116 bde-section\">\n  \n  \n\t\n\n\n\n<div class=\"section-container\"><h2 class=\"bde-heading-66-117 bde-heading\">\nWhat will you get from the JCI?\n<\/h2><div class=\"bde-columns-66-119 bde-columns\"><div class=\"bde-column-66-120 bde-column\">\n  \n  \n\t\n\n\n\n<div class=\"bde-icon-box-66-121 bde-icon-box\">\n\n    \n            <div class=\"ee-iconbox-icon breakdance-icon-atom\" >\n    \n                    <svg xmlns=\"http:\/\/www.w3.org\/2000\/svg\" viewbox=\"0 0 512 512\"><!-- Font Awesome Free 5.15.1 by @fontawesome - https:\/\/fontawesome.com License - https:\/\/fontawesome.com\/license\/free (Icons: CC BY 4.0, Fonts: SIL OFL 1.1, Code: MIT License) --><path d=\"M173.898 439.404l-166.4-166.4c-9.997-9.997-9.997-26.206 0-36.204l36.203-36.204c9.997-9.998 26.207-9.998 36.204 0L192 312.69 432.095 72.596c9.997-9.997 26.207-9.997 36.204 0l36.203 36.204c9.997 9.997 9.997 26.206 0 36.204l-294.4 294.401c-9.998 9.997-26.207 9.997-36.204-.001z\"\/><\/svg>\n        \n        \n        \n            <\/div>\n    \n\n<div class=\"ee-iconbox-content\">\n      <p class=\"ee-iconbox-title bde-h3\" >Experience in project management<\/p>\n      <\/div>\n\n<\/div>\n<\/div><div class=\"bde-column-66-150 bde-column\">\n  \n  \n\t\n\n\n\n<div class=\"bde-icon-box-66-175 bde-icon-box\">\n\n    \n            <div class=\"ee-iconbox-icon breakdance-icon-atom\" >\n    \n                    <svg xmlns=\"http:\/\/www.w3.org\/2000\/svg\" viewbox=\"0 0 512 512\"><!-- Font Awesome Free 5.15.1 by @fontawesome - https:\/\/fontawesome.com License - https:\/\/fontawesome.com\/license\/free (Icons: CC BY 4.0, Fonts: SIL OFL 1.1, Code: MIT License) --><path d=\"M173.898 439.404l-166.4-166.4c-9.997-9.997-9.997-26.206 0-36.204l36.203-36.204c9.997-9.998 26.207-9.998 36.204 0L192 312.69 432.095 72.596c9.997-9.997 26.207-9.997 36.204 0l36.203 36.204c9.997 9.997 9.997 26.206 0 36.204l-294.4 294.401c-9.998 9.997-26.207 9.997-36.204-.001z\"\/><\/svg>\n        \n        \n        \n            <\/div>\n    \n\n<div class=\"ee-iconbox-content\">\n      <p class=\"ee-iconbox-title bde-h3\" >Entrepreneurial mindset and contacts<\/p>\n      <\/div>\n\n<\/div>\n<\/div><div class=\"bde-column-66-148 bde-column\">\n  \n  \n\t\n\n\n\n<div class=\"bde-icon-box-66-176 bde-icon-box\">\n\n    \n            <div class=\"ee-iconbox-icon breakdance-icon-atom\" >\n    \n                    <svg xmlns=\"http:\/\/www.w3.org\/2000\/svg\" viewbox=\"0 0 512 512\"><!-- Font Awesome Free 5.15.1 by @fontawesome - https:\/\/fontawesome.com License - https:\/\/fontawesome.com\/license\/free (Icons: CC BY 4.0, Fonts: SIL OFL 1.1, Code: MIT License) --><path d=\"M173.898 439.404l-166.4-166.4c-9.997-9.997-9.997-26.206 0-36.204l36.203-36.204c9.997-9.998 26.207-9.998 36.204 0L192 312.69 432.095 72.596c9.997-9.997 26.207-9.997 36.204 0l36.203 36.204c9.997 9.997 9.997 26.206 0 36.204l-294.4 294.401c-9.998 9.997-26.207 9.997-36.204-.001z\"\/><\/svg>\n        \n        \n        \n            <\/div>\n    \n\n<div class=\"ee-iconbox-content\">\n      <p class=\"ee-iconbox-title bde-h3\" >Public speaking and debating skills<\/p>\n      <\/div>\n\n<\/div>\n<\/div><\/div><div class=\"bde-columns-66-152 bde-columns\"><div class=\"bde-column-66-153 bde-column\">\n  \n  \n\t\n\n\n\n<div class=\"bde-icon-box-66-177 bde-icon-box\">\n\n    \n            <div class=\"ee-iconbox-icon breakdance-icon-atom\" >\n    \n                    <svg xmlns=\"http:\/\/www.w3.org\/2000\/svg\" viewbox=\"0 0 512 512\"><!-- Font Awesome Free 5.15.1 by @fontawesome - https:\/\/fontawesome.com License - https:\/\/fontawesome.com\/license\/free (Icons: CC BY 4.0, Fonts: SIL OFL 1.1, Code: MIT License) --><path d=\"M173.898 439.404l-166.4-166.4c-9.997-9.997-9.997-26.206 0-36.204l36.203-36.204c9.997-9.998 26.207-9.998 36.204 0L192 312.69 432.095 72.596c9.997-9.997 26.207-9.997 36.204 0l36.203 36.204c9.997 9.997 9.997 26.206 0 36.204l-294.4 294.401c-9.998 9.997-26.207 9.997-36.204-.001z\"\/><\/svg>\n        \n        \n        \n            <\/div>\n    \n\n<div class=\"ee-iconbox-content\">\n      <p class=\"ee-iconbox-title bde-h3\" >International friends and cooperation partners<\/p>\n      <\/div>\n\n<\/div>\n<\/div><div class=\"bde-column-66-155 bde-column\">\n  \n  \n\t\n\n\n\n<div class=\"bde-icon-box-66-179 bde-icon-box\">\n\n    \n            <div class=\"ee-iconbox-icon breakdance-icon-atom\" >\n    \n                    <svg xmlns=\"http:\/\/www.w3.org\/2000\/svg\" viewbox=\"0 0 512 512\"><!-- Font Awesome Free 5.15.1 by @fontawesome - https:\/\/fontawesome.com License - https:\/\/fontawesome.com\/license\/free (Icons: CC BY 4.0, Fonts: SIL OFL 1.1, Code: MIT License) --><path d=\"M173.898 439.404l-166.4-166.4c-9.997-9.997-9.997-26.206 0-36.204l36.203-36.204c9.997-9.998 26.207-9.998 36.204 0L192 312.69 432.095 72.596c9.997-9.997 26.207-9.997 36.204 0l36.203 36.204c9.997 9.997 9.997 26.206 0 36.204l-294.4 294.401c-9.998 9.997-26.207 9.997-36.204-.001z\"\/><\/svg>\n        \n        \n        \n            <\/div>\n    \n\n<div class=\"ee-iconbox-content\">\n      <p class=\"ee-iconbox-title bde-h3\" >Diplomacy and influencing experience<\/p>\n      <\/div>\n\n<\/div>\n<\/div><div class=\"bde-column-66-157 bde-column\">\n  \n  \n\t\n\n\n\n<div class=\"bde-icon-box-66-178 bde-icon-box\">\n\n    \n            <div class=\"ee-iconbox-icon breakdance-icon-atom\" >\n    \n                    <svg xmlns=\"http:\/\/www.w3.org\/2000\/svg\" viewbox=\"0 0 512 512\"><!-- Font Awesome Free 5.15.1 by @fontawesome - https:\/\/fontawesome.com License - https:\/\/fontawesome.com\/license\/free (Icons: CC BY 4.0, Fonts: SIL OFL 1.1, Code: MIT License) --><path d=\"M173.898 439.404l-166.4-166.4c-9.997-9.997-9.997-26.206 0-36.204l36.203-36.204c9.997-9.998 26.207-9.998 36.204 0L192 312.69 432.095 72.596c9.997-9.997 26.207-9.997 36.204 0l36.203 36.204c9.997 9.997 9.997 26.206 0 36.204l-294.4 294.401c-9.998 9.997-26.207 9.997-36.204-.001z\"\/><\/svg>\n        \n        \n        \n            <\/div>\n    \n\n<div class=\"ee-iconbox-content\">\n      <p class=\"ee-iconbox-title bde-h3\" >An inspiring environment to grow and influence the world<\/p>\n      <\/div>\n\n<\/div>\n<\/div><\/div><\/div>\n<\/section><section class=\"bde-section-66-159 bde-section\">\n  \n  \n\t\n\n\n\n<div class=\"section-container\"><h2 class=\"bde-heading-66-160 bde-heading\">\n3 steps to becoming a member\n<\/h2><div class=\"bde-columns-66-161 bde-columns\"><div class=\"bde-column-66-162 bde-column\">\n  \n  \n\t\n\n\n\n<div class=\"bde-icon-box-66-163 bde-icon-box\">\n\n    \n            <div class=\"ee-iconbox-icon breakdance-icon-atom\" >\n    \n                    <svg xmlns=\"http:\/\/www.w3.org\/2000\/svg\" width=\"800px\" height=\"800px\" viewbox=\"0 0 24 24\"><path d=\"M12.5 2.2a10.3 10.3 0 1 0 10.3 10.3A10.299 10.299 0 0 0 12.5 2.2zm0 19.6a9.3 9.3 0 1 1 9.3-9.3 9.31 9.31 0 0 1-9.3 9.3zM13 17h-1V8.383l-1.978.805-.377-.926L13 6.896z\"\/><path fill=\"none\" d=\"M0 0h24v24H0z\"\/><\/svg>\n        \n        \n        \n            <\/div>\n    \n\n<div class=\"ee-iconbox-content\">\n      <p class=\"ee-iconbox-title bde-h3\" >Fill in the form<\/p>\n        <div class=\"ee-iconbox-text\" >\u00a0Let us know about You.  We'll be in touch.<\/div>\n    <\/div>\n\n<\/div>\n<\/div><div class=\"bde-column-66-166 bde-column\">\n  \n  \n\t\n\n\n\n<div class=\"bde-icon-box-66-167 bde-icon-box\">\n\n    \n            <div class=\"ee-iconbox-icon breakdance-icon-atom\" >\n    \n                    <svg xmlns=\"http:\/\/www.w3.org\/2000\/svg\" width=\"800px\" height=\"800px\" viewbox=\"0 0 24 24\"><path d=\"M12.5 2.2a10.3 10.3 0 1 0 10.3 10.3A10.299 10.299 0 0 0 12.5 2.2zm0 19.6a9.3 9.3 0 1 1 9.3-9.3 9.31 9.31 0 0 1-9.3 9.3zM16 17H9v-.5c0-2.157 1.762-3.105 3.317-3.942 1.391-.748 2.592-1.394 2.592-2.721A1.983 1.983 0 0 0 12.696 8a2.692 2.692 0 0 0-1.983.69A2.772 2.772 0 0 0 10 10.46l-1 .01a3.76 3.76 0 0 1 .996-2.475 3.64 3.64 0 0 1 2.7-.995 2.976 2.976 0 0 1 3.213 2.837c0 1.924-1.657 2.815-3.118 3.602-1.273.685-2.482 1.335-2.74 2.561H16z\"\/><path fill=\"none\" d=\"M0 0h24v24H0z\"\/><\/svg>\n        \n        \n        \n            <\/div>\n    \n\n<div class=\"ee-iconbox-content\">\n      <p class=\"ee-iconbox-title bde-h3\" >Come for a get-to-know meeting\/interview<\/p>\n        <div class=\"ee-iconbox-text\" >\u00a0Let's have an informal chat, tell us about yourself and find out more about JCI.\u00a0<\/div>\n    <\/div>\n\n<\/div>\n<\/div><div class=\"bde-column-66-168 bde-column\">\n  \n  \n\t\n\n\n\n<div class=\"bde-icon-box-66-169 bde-icon-box\">\n\n    \n            <div class=\"ee-iconbox-icon breakdance-icon-atom\" >\n    \n                    <svg xmlns=\"http:\/\/www.w3.org\/2000\/svg\" width=\"800px\" height=\"800px\" viewbox=\"0 0 24 24\"><path d=\"M12.5 2.2a10.3 10.3 0 1 0 10.3 10.3A10.299 10.299 0 0 0 12.5 2.2zm0 19.6a9.3 9.3 0 1 1 9.3-9.3 9.31 9.31 0 0 1-9.3 9.3zm0-4.8a3.086 3.086 0 0 1-3.25-2.882h1A2.093 2.093 0 0 0 12.5 16a2.093 2.093 0 0 0 2.25-1.882c0-.997-.967-1.748-2.25-1.748v-1c1.283 0 2.25-.697 2.25-1.62A2.05 2.05 0 0 0 12.5 8a2.05 2.05 0 0 0-2.25 1.75h-1A3.035 3.035 0 0 1 12.5 7a3.035 3.035 0 0 1 3.25 2.75 2.458 2.458 0 0 1-1.313 2.131 2.598 2.598 0 0 1 1.313 2.237A3.086 3.086 0 0 1 12.5 17z\"\/><path fill=\"none\" d=\"M0 0h24v24H0z\"\/><\/svg>\n        \n        \n        \n            <\/div>\n    \n\n<div class=\"ee-iconbox-content\">\n      <p class=\"ee-iconbox-title bde-h3\" >Become a member!<\/p>\n        <div class=\"ee-iconbox-text\" >\u00a0If both sides resonate - congratulations, you are part of the JCI movement.<\/div>\n    <\/div>\n\n<\/div>\n<\/div><\/div><\/div>\n<\/section><section class=\"bde-section-66-170 bde-section\">\n              \n  \n  \n\t\n\n  <div class=\"section-background-overlay\"><\/div>\n\n\n<div class=\"section-container\"><h1 class=\"bde-dual-heading-66-171 bde-dual-heading\">\n\n\n            <span data-style=\"primary\" class=\"dual-heading--primary\">Be part of us!<\/span>\n\n\n\n<\/h1><div class=\"bde-div-66-173 bde-div\">\n  \n  \n\t\n\n\n\n<div class=\"bde-button-66-174 bde-button\">\n    \n                                    \n    \n    \n    \n    \n            \n                    \n            \n            \n\n    \n    \n    \n    \n    \n    <a class=\"breakdance-link button-atom button-atom--primary bde-button__button\" href=\"https:\/\/jci.lv\/en\/pievienojies-mums\/\" target=\"_self\" data-type=\"url\"  >\n\n    \n        <span class=\"button-atom__text\">Join us<\/span>\n\n                            \n        \n                <\/a>\n\n    \n\n\n<\/div>\n<\/div><\/div>\n<\/section>","protected":false},"excerpt":{"rendered":"<p>Papla\u0161ini sevi un savu biznesu starptautiski! K\u0101 JCI pal\u012bdz k\u013c\u016bt par starptautisku l\u012bderi? JCI ir glob\u0101la platforma jauniem l\u012bderiem, kas pal\u012bdz att\u012bst\u012bt prasmes, iedvesmo un savieno. JCI biedri ieg\u016bst v\u0113rt\u012bgu pieredzi projektu vad\u012bb\u0101, att\u012bsta uz\u0146\u0113m\u0113jdarb\u012bbas garu, pilnveido publisk\u0101s runas prasmes un veido diplom\u0101tiskas attiec\u012bbas starptautisk\u0101 vid\u0113.Dal\u012bba JCI dod iesp\u0113ju ne tikai realiz\u0113t idejas sabiedr\u012bbai noz\u012bm\u012bgos [&hellip;]<\/p>","protected":false},"author":1,"featured_media":0,"parent":0,"menu_order":0,"comment_status":"closed","ping_status":"closed","template":"","meta":{"_breakdance_hide_in_design_set":false,"_breakdance_tags":"","footnotes":""},"class_list":["post-66","page","type-page","status-publish","hentry"],"_links":{"self":[{"href":"https:\/\/jci.lv\/en\/wp-json\/wp\/v2\/pages\/66","targetHints":{"allow":["GET"]}}],"collection":[{"href":"https:\/\/jci.lv\/en\/wp-json\/wp\/v2\/pages"}],"about":[{"href":"https:\/\/jci.lv\/en\/wp-json\/wp\/v2\/types\/page"}],"author":[{"embeddable":true,"href":"https:\/\/jci.lv\/en\/wp-json\/wp\/v2\/users\/1"}],"replies":[{"embeddable":true,"href":"https:\/\/jci.lv\/en\/wp-json\/wp\/v2\/comments?post=66"}],"version-history":[{"count":8,"href":"https:\/\/jci.lv\/en\/wp-json\/wp\/v2\/pages\/66\/revisions"}],"predecessor-version":[{"id":155,"href":"https:\/\/jci.lv\/en\/wp-json\/wp\/v2\/pages\/66\/revisions\/155"}],"wp:attachment":[{"href":"https:\/\/jci.lv\/en\/wp-json\/wp\/v2\/media?parent=66"}],"curies":[{"name":"wp","href":"https:\/\/api.w.org\/{rel}","templated":true}]}}