{"id":55,"date":"2025-07-30T22:03:55","date_gmt":"2025-07-30T22:03:55","guid":{"rendered":"https:\/\/jci.lv\/?page_id=55"},"modified":"2026-04-22T08:27:57","modified_gmt":"2026-04-22T08:27:57","slug":"par-mums","status":"publish","type":"page","link":"https:\/\/jci.lv\/en\/par-mums\/","title":{"rendered":"About us"},"content":{"rendered":"<section class=\"bde-section-55-224 bde-section\">\n              \n  \n  \n\t\n\n  <div class=\"section-background-overlay\"><\/div>\n\n\n<div class=\"section-container\"><div class=\"bde-div-55-225 bde-div\">\n  \n  \n\t\n\n\n\n<h1 class=\"bde-heading-55-226 bde-heading\">\nInternational network with 100+ countries worldwide\n<\/h1><div class=\"bde-columns-55-227 bde-columns\"><div class=\"bde-column-55-228 bde-column\">\n  \n  \n\t\n\n\n\n<div class=\"bde-icon-55-229 bde-icon\">\n\n    \n            <div class=\"bde-icon-icon breakdance-icon-atom\" >\n    \n                    <svg xmlns=\"http:\/\/www.w3.org\/2000\/svg\" viewbox=\"0 0 512 512\"><!-- Font Awesome Free 5.15.1 by @fontawesome - https:\/\/fontawesome.com License - https:\/\/fontawesome.com\/license\/free (Icons: CC BY 4.0, Fonts: SIL OFL 1.1, Code: MIT License) --><path d=\"M173.898 439.404l-166.4-166.4c-9.997-9.997-9.997-26.206 0-36.204l36.203-36.204c9.997-9.998 26.207-9.998 36.204 0L192 312.69 432.095 72.596c9.997-9.997 26.207-9.997 36.204 0l36.203 36.204c9.997 9.997 9.997 26.206 0 36.204l-294.4 294.401c-9.998 9.997-26.207 9.997-36.204-.001z\"\/><\/svg>\n        \n        \n        \n            <\/div>\n    \n\n\n<\/div><div class=\"bde-text-55-230 bde-text\">\nWe represent Latvia at the JCI European Conference level and at global assemblies (World Congress, Global Partnership Summit).\n<\/div>\n<\/div><div class=\"bde-column-55-231 bde-column\">\n  \n  \n\t\n\n\n\n<div class=\"bde-icon-55-232 bde-icon\">\n\n    \n            <div class=\"bde-icon-icon breakdance-icon-atom\" >\n    \n                    <svg xmlns=\"http:\/\/www.w3.org\/2000\/svg\" viewbox=\"0 0 512 512\"><!-- Font Awesome Free 5.15.1 by @fontawesome - https:\/\/fontawesome.com License - https:\/\/fontawesome.com\/license\/free (Icons: CC BY 4.0, Fonts: SIL OFL 1.1, Code: MIT License) --><path d=\"M173.898 439.404l-166.4-166.4c-9.997-9.997-9.997-26.206 0-36.204l36.203-36.204c9.997-9.998 26.207-9.998 36.204 0L192 312.69 432.095 72.596c9.997-9.997 26.207-9.997 36.204 0l36.203 36.204c9.997 9.997 9.997 26.206 0 36.204l-294.4 294.401c-9.998 9.997-26.207 9.997-36.204-.001z\"\/><\/svg>\n        \n        \n        \n            <\/div>\n    \n\n\n<\/div><div class=\"bde-text-55-233 bde-text\">\nJCI Latvia is part of the Nordic Group together with JCI Finland, JCI Norway, JCI Denmark, JCI Iceland, JCI Sweden, JCI Estonia, JCI Lithuania.\n<\/div>\n<\/div><div class=\"bde-column-55-234 bde-column\">\n  \n  \n\t\n\n\n\n<div class=\"bde-icon-55-235 bde-icon\">\n\n    \n            <div class=\"bde-icon-icon breakdance-icon-atom\" >\n    \n                    <svg xmlns=\"http:\/\/www.w3.org\/2000\/svg\" viewbox=\"0 0 512 512\"><!-- Font Awesome Free 5.15.1 by @fontawesome - https:\/\/fontawesome.com License - https:\/\/fontawesome.com\/license\/free (Icons: CC BY 4.0, Fonts: SIL OFL 1.1, Code: MIT License) --><path d=\"M173.898 439.404l-166.4-166.4c-9.997-9.997-9.997-26.206 0-36.204l36.203-36.204c9.997-9.998 26.207-9.998 36.204 0L192 312.69 432.095 72.596c9.997-9.997 26.207-9.997 36.204 0l36.203 36.204c9.997 9.997 9.997 26.206 0 36.204l-294.4 294.401c-9.998 9.997-26.207 9.997-36.204-.001z\"\/><\/svg>\n        \n        \n        \n            <\/div>\n    \n\n\n<\/div><div class=\"bde-text-55-236 bde-text\">\nKeisuke Shimoyamada from Japan is the JCI World President for 2025.\n<\/div>\n<\/div><\/div><div class=\"bde-button-55-238 bde-button\">\n    \n                                    \n    \n    \n    \n    \n            \n                    \n            \n            \n\n    \n    \n    \n    \n    \n    <a class=\"breakdance-link button-atom button-atom--primary bde-button__button\" href=\"https:\/\/jci.lv\/en\/pievienojies-mums\/\" target=\"_self\" data-type=\"url\"  >\n\n    \n        <span class=\"button-atom__text\">Join us<\/span>\n\n                            \n        \n                <\/a>\n\n    \n\n\n<\/div>\n<\/div><\/div>\n<\/section><section class=\"bde-section-55-216 bde-section\">\n  \n  \n\t\n\n\n\n<div class=\"section-container\"><h2 class=\"bde-heading-55-219 bde-heading\">\nInternational network with 100+ countries worldwide\n<\/h2><div class=\"bde-columns-55-217 bde-columns\"><div class=\"bde-column-55-222 bde-column\">\n  \n  \n\t\n\n\n\n<img decoding=\"async\" class=\"bde-image2-55-223 bde-image2\" src=\"https:\/\/jci.lv\/wp-content\/uploads\/2025\/07\/473276490_929322292663772_8051904267138289239_n-768x436.jpg\" loading=\"lazy\" srcset=\"https:\/\/jci.lv\/wp-content\/uploads\/2025\/07\/473276490_929322292663772_8051904267138289239_n-768x436.jpg 768w, https:\/\/jci.lv\/wp-content\/uploads\/2025\/07\/473276490_929322292663772_8051904267138289239_n-300x170.jpg 300w, https:\/\/jci.lv\/wp-content\/uploads\/2025\/07\/473276490_929322292663772_8051904267138289239_n-1024x582.jpg 1024w\" sizes=\"(max-width: 768px) 100vw, 768px\">\n<\/div><div class=\"bde-column-55-218 bde-column\">\n  \n  \n\t\n\n\n\n<div class=\"bde-checkmark-list-55-240 bde-checkmark-list\">\n<ul>\n  \n              \n              \n    <li>\n      <span class='bde-checkmark-list__icon bde-checkmark-list__icon_yes  bg-yes'>\n                  <svg xmlns=\"http:\/\/www.w3.org\/2000\/svg\" viewbox=\"0 0 24 24\"><path d=\"M18.71,7.21a1,1,0,0,0-1.42,0L9.84,14.67,6.71,11.53A1,1,0,1,0,5.29,13l3.84,3.84a1,1,0,0,0,1.42,0l8.16-8.16A1,1,0,0,0,18.71,7.21Z\"\/><\/svg>\n              <\/span>\n      <div >\n        Represent Latvia at JCI European Conference level and at global assemblies (World Congress, Global Partnership Summit).-40 years\n      <\/div>\n\n    <\/li>\n\n  <\/ul>\n\n<\/div><div class=\"bde-checkmark-list-55-241 bde-checkmark-list\">\n<ul>\n  \n              \n              \n    <li>\n      <span class='bde-checkmark-list__icon bde-checkmark-list__icon_yes  bg-yes'>\n                  <svg xmlns=\"http:\/\/www.w3.org\/2000\/svg\" viewbox=\"0 0 24 24\"><path d=\"M18.71,7.21a1,1,0,0,0-1.42,0L9.84,14.67,6.71,11.53A1,1,0,1,0,5.29,13l3.84,3.84a1,1,0,0,0,1.42,0l8.16-8.16A1,1,0,0,0,18.71,7.21Z\"\/><\/svg>\n              <\/span>\n      <div >\n        JCI Latvia is part of the Nordic Group together with JCI Finland, JCI Norway, JCI Denmark, JCI Iceland, JCI Sweden, JCI Estonia, JCI Lithuania.\n      <\/div>\n\n    <\/li>\n\n  <\/ul>\n\n<\/div><div class=\"bde-checkmark-list-55-242 bde-checkmark-list\">\n<ul>\n  \n              \n              \n    <li>\n      <span class='bde-checkmark-list__icon bde-checkmark-list__icon_yes  bg-yes'>\n                  <svg xmlns=\"http:\/\/www.w3.org\/2000\/svg\" viewbox=\"0 0 24 24\"><path d=\"M18.71,7.21a1,1,0,0,0-1.42,0L9.84,14.67,6.71,11.53A1,1,0,1,0,5.29,13l3.84,3.84a1,1,0,0,0,1.42,0l8.16-8.16A1,1,0,0,0,18.71,7.21Z\"\/><\/svg>\n              <\/span>\n      <div >\n        Keisuke Shimoyamada from Japan is the JCI World President for 2025.\n      <\/div>\n\n    <\/li>\n\n  <\/ul>\n\n<\/div><div class=\"bde-button-55-221 bde-button\">\n    \n                                    \n    \n    \n    \n    \n            \n                    \n            \n            \n\n    \n    \n    \n    \n    \n    <a class=\"breakdance-link button-atom button-atom--primary bde-button__button\" href=\"https:\/\/jci.lv\/en\/pievienojies-mums\/\" target=\"_self\" data-type=\"url\"  >\n\n    \n        <span class=\"button-atom__text\">Join us<\/span>\n\n                            \n        \n                <\/a>\n\n    \n\n\n<\/div>\n<\/div><\/div><\/div>\n<\/section><section class=\"bde-section-55-155 bde-section\">\n  \n  \n\t\n\n\n\n<div class=\"section-container\"><div class=\"bde-columns-55-156 bde-columns\"><div class=\"bde-column-55-157 bde-column\">\n  \n  \n\t\n\n\n\n<h2 class=\"bde-heading-55-158 bde-heading\">\nJCI - A global platform for leaders shaping the future\n<\/h2><div class=\"bde-text-55-159 bde-text\">\nJCI Latvia is part of an international organisation that brings together entrepreneurs, current and future leaders in more than 100 countries. We believe that real change starts with people taking responsibility for their communities and business environment.<br>We develop leadership, entrepreneurship and international cooperation, creating an environment where professional development meets social impact.\n<\/div>\n<\/div><div class=\"bde-column-55-161 bde-column\">\n  \n  \n\t\n\n\n\n<img decoding=\"async\" class=\"bde-image2-55-162 bde-image2\" src=\"https:\/\/jci.lv\/wp-content\/uploads\/2025\/07\/WhatsApp-Image-2025-07-29-at-14.00.27-768x576.jpeg\" loading=\"lazy\" srcset=\"https:\/\/jci.lv\/wp-content\/uploads\/2025\/07\/WhatsApp-Image-2025-07-29-at-14.00.27-768x576.jpeg 768w, https:\/\/jci.lv\/wp-content\/uploads\/2025\/07\/WhatsApp-Image-2025-07-29-at-14.00.27-300x225.jpeg 300w, https:\/\/jci.lv\/wp-content\/uploads\/2025\/07\/WhatsApp-Image-2025-07-29-at-14.00.27-1024x768.jpeg 1024w, https:\/\/jci.lv\/wp-content\/uploads\/2025\/07\/WhatsApp-Image-2025-07-29-at-14.00.27-1536x1152.jpeg 1536w\" sizes=\"(max-width: 768px) 100vw, 768px\">\n<\/div><\/div><\/div>\n<\/section><section class=\"bde-section-55-134 bde-section\">\n  \n  \n\t\n\n\n\n<div class=\"section-container\"><h2 class=\"bde-heading-55-136 bde-heading\">\nOur values\n<\/h2><div class=\"bde-columns-55-138 bde-columns\"><div class=\"bde-column-55-139 bde-column\">\n  \n  \n\t\n\n\n\n<div class=\"bde-icon-box-55-140 bde-icon-box\">\n\n    \n            <div class=\"ee-iconbox-icon breakdance-icon-atom\" >\n    \n                    <svg xmlns=\"http:\/\/www.w3.org\/2000\/svg\" id=\"icon-checkmark\" viewbox=\"0 0 32 32\">\n<path d=\"M27 4l-15 15-7-7-5 5 12 12 20-20z\"\/>\n<\/svg>\n        \n        \n        \n            <\/div>\n    \n\n<div class=\"ee-iconbox-content\">\n      <p class=\"ee-iconbox-title bde-h3\" >Trust<\/p>\n        <div class=\"ee-iconbox-text\" >We build relationships based on honesty, respect and long-term cooperation.<\/div>\n    <\/div>\n\n<\/div><div class=\"bde-icon-box-55-153 bde-icon-box\">\n\n    \n            <div class=\"ee-iconbox-icon breakdance-icon-atom\" >\n    \n                    <svg xmlns=\"http:\/\/www.w3.org\/2000\/svg\" id=\"icon-checkmark\" viewbox=\"0 0 32 32\">\n<path d=\"M27 4l-15 15-7-7-5 5 12 12 20-20z\"\/>\n<\/svg>\n        \n        \n        \n            <\/div>\n    \n\n<div class=\"ee-iconbox-content\">\n      <p class=\"ee-iconbox-title bde-h3\" >Leadership<\/p>\n        <div class=\"ee-iconbox-text\" >We encourage people to take responsibility and lead positive change in society and business.<\/div>\n    <\/div>\n\n<\/div><div class=\"bde-icon-box-55-154 bde-icon-box\">\n\n    \n            <div class=\"ee-iconbox-icon breakdance-icon-atom\" >\n    \n                    <svg xmlns=\"http:\/\/www.w3.org\/2000\/svg\" id=\"icon-checkmark\" viewbox=\"0 0 32 32\">\n<path d=\"M27 4l-15 15-7-7-5 5 12 12 20-20z\"\/>\n<\/svg>\n        \n        \n        \n            <\/div>\n    \n\n<div class=\"ee-iconbox-content\">\n      <p class=\"ee-iconbox-title bde-h3\" >Personal growth<\/p>\n        <div class=\"ee-iconbox-text\" >We create an environment where people can develop themselves, learn new skills and fulfil their potential.<\/div>\n    <\/div>\n\n<\/div>\n<\/div><\/div><\/div>\n<\/section><section class=\"bde-section-55-164 bde-section\">\n  \n  \n\t\n\n\n\n<div class=\"section-container\"><h2 class=\"bde-heading-55-165 bde-heading\">\nOur team\n<\/h2><h3 class=\"bde-heading-55-166 bde-heading\">\nBoard\n<\/h3><div class=\"bde-columns-55-167 bde-columns\"><div class=\"bde-column-55-168 bde-column\">\n  \n  \n\t\n\n\n\n<div class=\"bde-image-55-169 bde-image\">\n<figure class=\"breakdance-image breakdance-image--175\">\n\t<div class=\"breakdance-image-container\">\n\t\t<div class=\"breakdance-image-clip\"><img loading=\"lazy\" decoding=\"async\" class=\"breakdance-image-object\" src=\"https:\/\/jci.lv\/wp-content\/uploads\/2025\/08\/marta_2-300x300.jpg\" width=\"300\" height=\"300\"><\/div>\n\t<\/div><\/figure>\n\n<\/div><h4 class=\"bde-heading-55-170 bde-heading\">\nMarta Rautenschild\n<\/h4><div class=\"bde-text-55-171 bde-text\">\nNational President\n<\/div>\n<\/div><div class=\"bde-column-55-178 bde-column\">\n  \n  \n\t\n\n\n\n<div class=\"bde-image-55-179 bde-image\">\n<figure class=\"breakdance-image breakdance-image--91\">\n\t<div class=\"breakdance-image-container\">\n\t\t<div class=\"breakdance-image-clip\"><img loading=\"lazy\" decoding=\"async\" class=\"breakdance-image-object\" src=\"https:\/\/jci.lv\/wp-content\/uploads\/2025\/07\/WhatsApp-Image-2025-07-29-at-13.57.44-300x300.jpeg\" width=\"300\" height=\"300\"><\/div>\n\t<\/div><\/figure>\n\n<\/div><h4 class=\"bde-heading-55-180 bde-heading\">\nKrista <br>Heel\n<\/h4><div class=\"bde-text-55-181 bde-text\">\nVice-President responsible\n<\/div>\n<\/div><div class=\"bde-column-55-243 bde-column\">\n  \n  \n\t\n\n\n\n<div class=\"bde-image-55-244 bde-image\">\n<figure class=\"breakdance-image breakdance-image--302\">\n\t<div class=\"breakdance-image-container\">\n\t\t<div class=\"breakdance-image-clip\"><img loading=\"lazy\" decoding=\"async\" class=\"breakdance-image-object\" src=\"https:\/\/jci.lv\/wp-content\/uploads\/2026\/02\/1729087173790-300x300.jpg\" width=\"300\" height=\"300\" srcset=\"https:\/\/jci.lv\/wp-content\/uploads\/2026\/02\/1729087173790.jpg 800w, https:\/\/jci.lv\/wp-content\/uploads\/2026\/02\/1729087173790-300x300.jpg 300w, https:\/\/jci.lv\/wp-content\/uploads\/2026\/02\/1729087173790-150x150.jpg 150w, https:\/\/jci.lv\/wp-content\/uploads\/2026\/02\/1729087173790-768x768.jpg 768w, https:\/\/jci.lv\/wp-content\/uploads\/2026\/02\/1729087173790-12x12.jpg 12w\" sizes=\"auto, (max-width: 800px) 100vw, 800px\"><\/div>\n\t<\/div><\/figure>\n\n<\/div><h4 class=\"bde-heading-55-245 bde-heading\">\nAriana<br>Apine\n<\/h4><div class=\"bde-text-55-246 bde-text\">\n\u0122ener\u0101lsekret\u0101re\n<\/div>\n<\/div><div class=\"bde-column-55-183 bde-column\">\n  \n  \n\t\n\n\n\n<div class=\"bde-image-55-184 bde-image\">\n<figure class=\"breakdance-image breakdance-image--301\">\n\t<div class=\"breakdance-image-container\">\n\t\t<div class=\"breakdance-image-clip\"><img loading=\"lazy\" decoding=\"async\" class=\"breakdance-image-object\" src=\"https:\/\/jci.lv\/wp-content\/uploads\/2026\/02\/1766414684080.jpg\" width=\"800\" height=\"800\" srcset=\"https:\/\/jci.lv\/wp-content\/uploads\/2026\/02\/1766414684080.jpg 800w, https:\/\/jci.lv\/wp-content\/uploads\/2026\/02\/1766414684080-300x300.jpg 300w, https:\/\/jci.lv\/wp-content\/uploads\/2026\/02\/1766414684080-150x150.jpg 150w, https:\/\/jci.lv\/wp-content\/uploads\/2026\/02\/1766414684080-768x768.jpg 768w, https:\/\/jci.lv\/wp-content\/uploads\/2026\/02\/1766414684080-12x12.jpg 12w\" sizes=\"auto, (max-width: 800px) 100vw, 800px\"><\/div>\n\t<\/div><\/figure>\n\n<\/div><h4 class=\"bde-heading-55-185 bde-heading\">\nRi\u010dards<br>Saul\u012btis\n<\/h4><div class=\"bde-text-55-186 bde-text\">\nMantzinis\n<\/div>\n<\/div><\/div><\/div>\n<\/section><section class=\"bde-section-55-188 bde-section\">\n  \n  \n\t\n\n\n\n<div class=\"section-container\"><h3 class=\"bde-heading-55-189 bde-heading\">\nCouncil\n<\/h3><div class=\"bde-columns-55-190 bde-columns\"><div class=\"bde-column-55-191 bde-column\">\n  \n  \n\t\n\n\n\n<div class=\"bde-image-55-192 bde-image\">\n<figure class=\"breakdance-image breakdance-image--94\">\n\t<div class=\"breakdance-image-container\">\n\t\t<div class=\"breakdance-image-clip\"><img loading=\"lazy\" decoding=\"async\" class=\"breakdance-image-object\" src=\"https:\/\/jci.lv\/wp-content\/uploads\/2025\/07\/1662651764856-300x300.jpg\" width=\"300\" height=\"300\" srcset=\"https:\/\/jci.lv\/wp-content\/uploads\/2025\/07\/1662651764856-300x300.jpg 300w, https:\/\/jci.lv\/wp-content\/uploads\/2025\/07\/1662651764856-150x150.jpg 150w, https:\/\/jci.lv\/wp-content\/uploads\/2025\/07\/1662651764856-768x768.jpg 768w\" sizes=\"auto, (max-width: 300px) 100vw, 300px\"><\/div>\n\t<\/div><\/figure>\n\n<\/div><h4 class=\"bde-heading-55-193 bde-heading\">\nLiega Bernota\n<\/h4><div class=\"bde-text-55-194 bde-text\">\nJCI Latvia Senate President\u00a0\n<\/div>\n<\/div><div class=\"bde-column-55-196 bde-column\">\n  \n  \n\t\n\n\n\n<div class=\"bde-image-55-197 bde-image\">\n<figure class=\"breakdance-image breakdance-image--303\">\n\t<div class=\"breakdance-image-container\">\n\t\t<div class=\"breakdance-image-clip\"><img loading=\"lazy\" decoding=\"async\" class=\"breakdance-image-object\" src=\"https:\/\/jci.lv\/wp-content\/uploads\/2026\/02\/1758280842491-300x300.jpg\" width=\"300\" height=\"300\" srcset=\"https:\/\/jci.lv\/wp-content\/uploads\/2026\/02\/1758280842491.jpg 800w, https:\/\/jci.lv\/wp-content\/uploads\/2026\/02\/1758280842491-300x300.jpg 300w, https:\/\/jci.lv\/wp-content\/uploads\/2026\/02\/1758280842491-150x150.jpg 150w, https:\/\/jci.lv\/wp-content\/uploads\/2026\/02\/1758280842491-768x768.jpg 768w, https:\/\/jci.lv\/wp-content\/uploads\/2026\/02\/1758280842491-12x12.jpg 12w\" sizes=\"auto, (max-width: 800px) 100vw, 800px\"><\/div>\n\t<\/div><\/figure>\n\n<\/div><h4 class=\"bde-heading-55-198 bde-heading\">\nIsabel Simon\n<\/h4><div class=\"bde-text-55-199 bde-text\">\nVice President responsible for JCI Europe\n<\/div>\n<\/div><div class=\"bde-column-55-206 bde-column\">\n  \n  \n\t\n\n\n\n<div class=\"bde-image-55-207 bde-image\">\n<figure class=\"breakdance-image breakdance-image--97\">\n\t<div class=\"breakdance-image-container\">\n\t\t<div class=\"breakdance-image-clip\"><img loading=\"lazy\" decoding=\"async\" class=\"breakdance-image-object\" src=\"https:\/\/jci.lv\/wp-content\/uploads\/2025\/07\/Natascha-Joof-300x300.jpeg\" width=\"300\" height=\"300\" srcset=\"https:\/\/jci.lv\/wp-content\/uploads\/2025\/07\/Natascha-Joof-300x300.jpeg 300w, https:\/\/jci.lv\/wp-content\/uploads\/2025\/07\/Natascha-Joof-150x150.jpeg 150w, https:\/\/jci.lv\/wp-content\/uploads\/2025\/07\/Natascha-Joof-768x769.jpeg 768w\" sizes=\"auto, (max-width: 300px) 100vw, 300px\"><\/div>\n\t<\/div><\/figure>\n\n<\/div><h4 class=\"bde-heading-55-208 bde-heading\">\nNatascha Joof\n<\/h4><div class=\"bde-text-55-209 bde-text\">\nJCI Nordic Group Adviser\n<\/div>\n<\/div><\/div><\/div>\n<\/section><section class=\"bde-section-55-126 bde-section\">\n  \n  \n\t\n\n\n\n<div class=\"section-container\"><div class=\"bde-columns-55-127 bde-columns\"><div class=\"bde-column-55-128 bde-column\">\n  \n  \n\t\n\n\n\n<h2 class=\"bde-heading-55-129 bde-heading\">\nHistory\n<\/h2><div class=\"bde-text-55-133 bde-text\">\nK\u0100 VISS S\u0100K\u0100S<br><br>1910. gad\u0101 Henry Giessenbier Sentluis\u0101, Mis\u016bri \u0161tat\u0101 (ASV), izveidoja vienk\u0101r\u0161u klubu jaunie\u0161iem.<br>Form\u0101li - deju klubs.<br>P\u0113c b\u016bt\u012bbas, platformu ambicioziem jaunie\u0161iem, kuri grib\u0113ja satikt l\u012bdz\u012bgi dom\u0101jo\u0161os, m\u0101c\u012bties, veidot kontaktus un ietekm\u0113t sabiedr\u012bbu.<br><br>No \u0161\u012bs idejas izauga tas, ko \u0161odien paz\u012bstam k\u0101 Junior Chamber International - glob\u0101lu l\u012bder\u012bbas un uz\u0146\u0113m\u0113jdarb\u012bbas organiz\u0101ciju ar noda\u013c\u0101m vair\u0101k nek\u0101 100 valst\u012bs.<br><br>Ideja nemain\u012bga jau vair\u0101k nek\u0101 100 gadus:<br>jauni cilv\u0113ki + atbild\u012bba + r\u012bc\u012bba = re\u0101las p\u0101rmai\u0146as.<br><br>JCI Latvij\u0101 - K\u0100 TAS NOTIKA!<br><br>Latvij\u0101 JCI st\u0101sts s\u0101k\u0101s 1993. gad\u0101, laik\u0101, kad valsts v\u0113l tikai m\u0101c\u012bj\u0101s, ko noz\u012bm\u0113 uz\u0146\u0113m\u0113jdarb\u012bba, demokr\u0101tija un starptautiska dom\u0101\u0161ana.<br><br>Pirmie, kas iededza dzirksteli, bija M\u0101ris Baidekalns un Dans \u010ci\u0161\u010dakovs, sadarbojoties ar JCI p\u0101rst\u0101vi Kimu Castellano. Vi\u0146i s\u0101ka pulc\u0113t jaunus, akt\u012bvus cilv\u0113kus, kuri grib\u0113ja dar\u012bt vair\u0101k nek\u0101 \u201cvienk\u0101r\u0161i str\u0101d\u0101t\u201d.<br><br>Organiz\u0101cijas dibin\u0101\u0161an\u0101 iesaist\u012bj\u0101s ap 50 jaunie\u0161i - uz\u0146\u0113m\u0113ji, studenti, valsts instit\u016bciju p\u0101rst\u0101vji, k\u0101 ar\u012b viesi no JCI Zviedrijas un JCI Igaunijas.<br>Pirm\u0101s noda\u013cas izveidoj\u0101s Dobel\u0113, Jelgav\u0101 un R\u012bg\u0101.<br><br>1993. gada 27. septembr\u012b R\u012bg\u0101 ofici\u0101li tika nodibin\u0101ta JCI Latvia.<br><br>Strauja izaugsme un starptautiska atz\u012b\u0161ana<br><br>PRIM\u0100 JCI LATVIA VALDE<br><br>Prezidents -Aigars Strauss<br>Viceprezidents - Dans \u010ci\u0161\u010dakovs<br>\u0122ener\u0101lsekret\u0101rs - M\u0101ris Baidekalns<br>Mantzinis - J\u0101nis Vaivods<br><br>1998. gad\u0101 JCI Pasaules kongres\u0101 Filip\u012bn\u0101s JCI Latvia k\u013cuva par pilnties\u012bgu JCI biedru.<br><br>1999. gad\u0101 organiz\u0101cija pievienoj\u0101s JCI Nordic t\u012bklam - 7 valstu aliansei Zieme\u013ceirop\u0101.<br><br>Taj\u0101 laik\u0101 JCI noda\u013cas jau darboj\u0101s R\u012bg\u0101, Liep\u0101j\u0101, Kuld\u012bg\u0101, Daugavpil\u012b un Sald\u016b.<br><br>..un t\u0101 v\u0113l \u0161odien JCI Latvia veido savu v\u0113sturi...\n<\/div>\n<\/div><div class=\"bde-column-55-131 bde-column\">\n  \n  \n\t\n\n\n\n<img decoding=\"async\" class=\"bde-image2-55-132 bde-image2\" src=\"https:\/\/jci.lv\/wp-content\/uploads\/2025\/07\/henry-gissenbier-founder-of-jci-237x300.png\" loading=\"lazy\" sizes=\"(max-width: 237px) 100vw, 237px\"><div class=\"bde-text-55-163 bde-text\">\n<b>Henry Giessenbier - Founder of JCI<\/b>\n<\/div>\n<\/div><\/div><\/div>\n<\/section>","protected":false},"excerpt":{"rendered":"<p>Starptautisks t\u012bkls ar 100+ valst\u012bm vis\u0101 pasaul\u0113 P\u0101rst\u0101vam Latviju JCI Eiropas konferences l\u012bmen\u012b un pasaules asamblej\u0101s (World Congress, Global Partnership Summit). JCI Latvia ir da\u013ca no Zieme\u013cvalstu grupas (Nordic Group) kop\u0101 ar JCI Finland, JCI Norway, JCI Denmark, JCI Iceland, JCI Sweden, JCI Estonia, JCI Lithuania. JCI pasaules prezidents 2025. gad\u0101 ir Keisuke Shimoyamada no [&hellip;]<\/p>","protected":false},"author":1,"featured_media":0,"parent":0,"menu_order":0,"comment_status":"closed","ping_status":"closed","template":"","meta":{"_breakdance_hide_in_design_set":false,"_breakdance_tags":"","footnotes":""},"class_list":["post-55","page","type-page","status-publish","hentry"],"_links":{"self":[{"href":"https:\/\/jci.lv\/en\/wp-json\/wp\/v2\/pages\/55","targetHints":{"allow":["GET"]}}],"collection":[{"href":"https:\/\/jci.lv\/en\/wp-json\/wp\/v2\/pages"}],"about":[{"href":"https:\/\/jci.lv\/en\/wp-json\/wp\/v2\/types\/page"}],"author":[{"embeddable":true,"href":"https:\/\/jci.lv\/en\/wp-json\/wp\/v2\/users\/1"}],"replies":[{"embeddable":true,"href":"https:\/\/jci.lv\/en\/wp-json\/wp\/v2\/comments?post=55"}],"version-history":[{"count":23,"href":"https:\/\/jci.lv\/en\/wp-json\/wp\/v2\/pages\/55\/revisions"}],"predecessor-version":[{"id":304,"href":"https:\/\/jci.lv\/en\/wp-json\/wp\/v2\/pages\/55\/revisions\/304"}],"wp:attachment":[{"href":"https:\/\/jci.lv\/en\/wp-json\/wp\/v2\/media?parent=55"}],"curies":[{"name":"wp","href":"https:\/\/api.w.org\/{rel}","templated":true}]}}