{"id":101,"date":"2025-07-30T20:31:05","date_gmt":"2025-07-30T20:31:05","guid":{"rendered":"https:\/\/jci.lv\/?page_id=101"},"modified":"2026-04-22T08:28:11","modified_gmt":"2026-04-22T08:28:11","slug":"pievienojies-mums","status":"publish","type":"page","link":"https:\/\/jci.lv\/en\/pievienojies-mums\/","title":{"rendered":"Join us"},"content":{"rendered":"<section class=\"bde-section-101-100 bde-section\">\n  \n  \n\t\n\n\n\n<div class=\"section-container\"><div class=\"bde-columns-101-101 bde-columns\"><div class=\"bde-column-101-104 bde-column\">\n  \n  \n\t\n\n\n\n<h2 class=\"bde-heading-101-105 bde-heading\">\nTu esi \u012bstais kandid\u0101ts, ja:\n<\/h2><div class=\"bde-checkmark-list-101-107 bde-checkmark-list\">\n<ul>\n  \n              \n              \n    <li>\n      <span class='bde-checkmark-list__icon bde-checkmark-list__icon_yes  bg-yes'>\n                  <svg xmlns=\"http:\/\/www.w3.org\/2000\/svg\" viewbox=\"0 0 24 24\"><path d=\"M18.71,7.21a1,1,0,0,0-1.42,0L9.84,14.67,6.71,11.53A1,1,0,1,0,5.29,13l3.84,3.84a1,1,0,0,0,1.42,0l8.16-8.16A1,1,0,0,0,18.71,7.21Z\"\/><\/svg>\n              <\/span>\n      <div >\n        Tev ir 18-40 gadu\n      <\/div>\n\n    <\/li>\n\n  <\/ul>\n\n<\/div><div class=\"bde-checkmark-list-101-108 bde-checkmark-list\">\n<ul>\n  \n              \n              \n    <li>\n      <span class='bde-checkmark-list__icon bde-checkmark-list__icon_yes  bg-yes'>\n                  <svg xmlns=\"http:\/\/www.w3.org\/2000\/svg\" viewbox=\"0 0 24 24\"><path d=\"M18.71,7.21a1,1,0,0,0-1.42,0L9.84,14.67,6.71,11.53A1,1,0,1,0,5.29,13l3.84,3.84a1,1,0,0,0,1.42,0l8.16-8.16A1,1,0,0,0,18.71,7.21Z\"\/><\/svg>\n              <\/span>\n      <div >\n        Esi proakt\u012bvs un izr\u0101di savu iniciat\u012bvu\n      <\/div>\n\n    <\/li>\n\n  <\/ul>\n\n<\/div><div class=\"bde-checkmark-list-101-109 bde-checkmark-list\">\n<ul>\n  \n              \n              \n    <li>\n      <span class='bde-checkmark-list__icon bde-checkmark-list__icon_yes  bg-yes'>\n                  <svg xmlns=\"http:\/\/www.w3.org\/2000\/svg\" viewbox=\"0 0 24 24\"><path d=\"M18.71,7.21a1,1,0,0,0-1.42,0L9.84,14.67,6.71,11.53A1,1,0,1,0,5.29,13l3.84,3.84a1,1,0,0,0,1.42,0l8.16-8.16A1,1,0,0,0,18.71,7.21Z\"\/><\/svg>\n              <\/span>\n      <div >\n        Tevi interes\u0113 person\u012bg\u0101 izaugsme\n      <\/div>\n\n    <\/li>\n\n  <\/ul>\n\n<\/div><div class=\"bde-checkmark-list-101-110 bde-checkmark-list\">\n<ul>\n  \n              \n              \n    <li>\n      <span class='bde-checkmark-list__icon bde-checkmark-list__icon_yes  bg-yes'>\n                  <svg xmlns=\"http:\/\/www.w3.org\/2000\/svg\" viewbox=\"0 0 24 24\"><path d=\"M18.71,7.21a1,1,0,0,0-1.42,0L9.84,14.67,6.71,11.53A1,1,0,1,0,5.29,13l3.84,3.84a1,1,0,0,0,1.42,0l8.16-8.16A1,1,0,0,0,18.71,7.21Z\"\/><\/svg>\n              <\/span>\n      <div >\n        V\u0113lies att\u012bst\u012bt savu uz\u0146\u0113m\u0113jdarb\u012bbu\/ v\u0113l uz to tiecies\n      <\/div>\n\n    <\/li>\n\n  <\/ul>\n\n<\/div><div class=\"bde-checkmark-list-101-111 bde-checkmark-list\">\n<ul>\n  \n              \n              \n    <li>\n      <span class='bde-checkmark-list__icon bde-checkmark-list__icon_yes  bg-yes'>\n                  <svg xmlns=\"http:\/\/www.w3.org\/2000\/svg\" viewbox=\"0 0 24 24\"><path d=\"M18.71,7.21a1,1,0,0,0-1.42,0L9.84,14.67,6.71,11.53A1,1,0,1,0,5.29,13l3.84,3.84a1,1,0,0,0,1.42,0l8.16-8.16A1,1,0,0,0,18.71,7.21Z\"\/><\/svg>\n              <\/span>\n      <div >\n        Tev ned\u0113\u013c\u0101 ir 1-3h laiks, ko velt\u012bt organiz\u0101cijas att\u012bst\u012bbai\n      <\/div>\n\n    <\/li>\n\n  <\/ul>\n\n<\/div>\n<\/div><div class=\"bde-column-101-102 bde-column\">\n  \n  \n\t\n\n\n\n<img decoding=\"async\" class=\"bde-image2-101-103 bde-image2\" src=\"https:\/\/jci.lv\/wp-content\/uploads\/2025\/07\/WhatsApp-Image-2025-07-29-at-14.00.28-768x576.jpeg\" loading=\"lazy\" srcset=\"https:\/\/jci.lv\/wp-content\/uploads\/2025\/07\/WhatsApp-Image-2025-07-29-at-14.00.28.jpeg 1600w, https:\/\/jci.lv\/wp-content\/uploads\/2025\/07\/WhatsApp-Image-2025-07-29-at-14.00.28-300x225.jpeg 300w, https:\/\/jci.lv\/wp-content\/uploads\/2025\/07\/WhatsApp-Image-2025-07-29-at-14.00.28-1024x768.jpeg 1024w, https:\/\/jci.lv\/wp-content\/uploads\/2025\/07\/WhatsApp-Image-2025-07-29-at-14.00.28-768x576.jpeg 768w, https:\/\/jci.lv\/wp-content\/uploads\/2025\/07\/WhatsApp-Image-2025-07-29-at-14.00.28-1536x1152.jpeg 1536w\" sizes=\"(max-width: 1600px) 100vw, 1600px\">\n<\/div><\/div><\/div>\n<\/section><section class=\"bde-section-101-112 bde-section\">\n  \n  \n\t\n\n\n\n<div class=\"section-container\"><h2 class=\"bde-heading-101-113 bde-heading\">\n3 So\u013ci k\u0101 k\u013c\u016bt par biedru\n<\/h2><div class=\"bde-columns-101-114 bde-columns\"><div class=\"bde-column-101-115 bde-column\">\n  \n  \n\t\n\n\n\n<div class=\"bde-icon-box-101-116 bde-icon-box\">\n\n    \n            <div class=\"ee-iconbox-icon breakdance-icon-atom\" >\n    \n                    <svg xmlns=\"http:\/\/www.w3.org\/2000\/svg\" width=\"800px\" height=\"800px\" viewbox=\"0 0 24 24\"><path d=\"M12.5 2.2a10.3 10.3 0 1 0 10.3 10.3A10.299 10.299 0 0 0 12.5 2.2zm0 19.6a9.3 9.3 0 1 1 9.3-9.3 9.31 9.31 0 0 1-9.3 9.3zM13 17h-1V8.383l-1.978.805-.377-.926L13 6.896z\"\/><path fill=\"none\" d=\"M0 0h24v24H0z\"\/><\/svg>\n        \n        \n        \n            <\/div>\n    \n\n<div class=\"ee-iconbox-content\">\n      <p class=\"ee-iconbox-title bde-h3\" >Fill in the form<\/p>\n        <div class=\"ee-iconbox-text\" >\u00a0Let us know about You.  We'll be in touch.<\/div>\n            \n                                    \n    \n    \n    \n    \n            \n                    \n            \n            \n\n    \n    \n    \n    \n    \n    <a class=\"breakdance-link button-atom button-atom--primary ee-iconbox-button\" href=\"https:\/\/jci.lv\/en\/kontakti\/\" target=\"_self\" data-type=\"url\"  >\n\n    \n        <span class=\"button-atom__text\">Interesenta forma -><\/span>\n\n        \n        \n                <\/a>\n\n    \n\n  <\/div>\n\n<\/div>\n<\/div><div class=\"bde-column-101-117 bde-column\">\n  \n  \n\t\n\n\n\n<div class=\"bde-icon-box-101-118 bde-icon-box\">\n\n    \n            <div class=\"ee-iconbox-icon breakdance-icon-atom\" >\n    \n                    <svg xmlns=\"http:\/\/www.w3.org\/2000\/svg\" width=\"800px\" height=\"800px\" viewbox=\"0 0 24 24\"><path d=\"M12.5 2.2a10.3 10.3 0 1 0 10.3 10.3A10.299 10.299 0 0 0 12.5 2.2zm0 19.6a9.3 9.3 0 1 1 9.3-9.3 9.31 9.31 0 0 1-9.3 9.3zM16 17H9v-.5c0-2.157 1.762-3.105 3.317-3.942 1.391-.748 2.592-1.394 2.592-2.721A1.983 1.983 0 0 0 12.696 8a2.692 2.692 0 0 0-1.983.69A2.772 2.772 0 0 0 10 10.46l-1 .01a3.76 3.76 0 0 1 .996-2.475 3.64 3.64 0 0 1 2.7-.995 2.976 2.976 0 0 1 3.213 2.837c0 1.924-1.657 2.815-3.118 3.602-1.273.685-2.482 1.335-2.74 2.561H16z\"\/><path fill=\"none\" d=\"M0 0h24v24H0z\"\/><\/svg>\n        \n        \n        \n            <\/div>\n    \n\n<div class=\"ee-iconbox-content\">\n      <p class=\"ee-iconbox-title bde-h3\" >Come for a get-to-know meeting\/interview<\/p>\n        <div class=\"ee-iconbox-text\" >\u00a0Let's have an informal chat, tell us about yourself and find out more about JCI.\u00a0<\/div>\n    <\/div>\n\n<\/div>\n<\/div><div class=\"bde-column-101-119 bde-column\">\n  \n  \n\t\n\n\n\n<div class=\"bde-icon-box-101-120 bde-icon-box\">\n\n    \n            <div class=\"ee-iconbox-icon breakdance-icon-atom\" >\n    \n                    <svg xmlns=\"http:\/\/www.w3.org\/2000\/svg\" width=\"800px\" height=\"800px\" viewbox=\"0 0 24 24\"><path d=\"M12.5 2.2a10.3 10.3 0 1 0 10.3 10.3A10.299 10.299 0 0 0 12.5 2.2zm0 19.6a9.3 9.3 0 1 1 9.3-9.3 9.31 9.31 0 0 1-9.3 9.3zm0-4.8a3.086 3.086 0 0 1-3.25-2.882h1A2.093 2.093 0 0 0 12.5 16a2.093 2.093 0 0 0 2.25-1.882c0-.997-.967-1.748-2.25-1.748v-1c1.283 0 2.25-.697 2.25-1.62A2.05 2.05 0 0 0 12.5 8a2.05 2.05 0 0 0-2.25 1.75h-1A3.035 3.035 0 0 1 12.5 7a3.035 3.035 0 0 1 3.25 2.75 2.458 2.458 0 0 1-1.313 2.131 2.598 2.598 0 0 1 1.313 2.237A3.086 3.086 0 0 1 12.5 17z\"\/><path fill=\"none\" d=\"M0 0h24v24H0z\"\/><\/svg>\n        \n        \n        \n            <\/div>\n    \n\n<div class=\"ee-iconbox-content\">\n      <p class=\"ee-iconbox-title bde-h3\" >Become a member!<\/p>\n        <div class=\"ee-iconbox-text\" >\u00a0If both sides resonate - congratulations, you are part of the JCI movement.<\/div>\n    <\/div>\n\n<\/div>\n<\/div><\/div><\/div>\n<\/section><section class=\"bde-section-101-121 bde-section\">\n  \n  \n\t\n\n\n\n<div class=\"section-container\"><div class=\"bde-div-101-122 bde-div\">\n  \n  \n\t\n\n\n\n<h1 class=\"bde-heading-101-123 bde-heading\">\nContact us\n<\/h1>\n<\/div><div class=\"bde-div-101-124 bde-div\">\n  \n  \n\t\n\n\n\n<div class=\"bde-rich-text-101-126 bde-rich-text breakdance-rich-text-styles\">\n<p>Ja v\u0113lies k\u013c\u016bt par biedru, vai ir radu\u0161ies k\u0101di citi jaut\u0101jumi, sazinies ar m\u016bsu organiz\u0101cijas kontaktpersonu. Esam pieejami un gatavi atbild\u0113t uz visiem J\u016bsu jaut\u0101jumiem.<\/p>\n<\/div><div class=\"bde-button-101-128 bde-button\">\n    \n                                    \n    \n    \n    \n    \n            \n                    \n            \n            \n\n    \n    \n    \n    \n    \n    <a class=\"breakdance-link button-atom button-atom--primary bde-button__button\" href=\"https:\/\/jci.lv\/en\/kontakti\/\" target=\"_self\" data-type=\"url\"  >\n\n    \n        <span class=\"button-atom__text\">Contact us<\/span>\n\n        \n        \n                <\/a>\n\n    \n\n\n<\/div><div class=\"bde-rich-text-101-127 bde-rich-text breakdance-rich-text-styles\">\n<p>Vai zvani: <b>+371 29400930<\/b><\/p>\n<\/div>\n<\/div><\/div>\n<\/section>","protected":false},"excerpt":{"rendered":"<p>Tu esi \u012bstais kandid\u0101ts, ja: Tev ir 18-40 gadu Esi proakt\u012bvs un izr\u0101di savu iniciat\u012bvu Tevi interes\u0113 person\u012bg\u0101 izaugsme V\u0113lies att\u012bst\u012bt savu uz\u0146\u0113m\u0113jdarb\u012bbu\/ v\u0113l uz to tiecies Tev ned\u0113\u013c\u0101 ir 1-3h laiks, ko velt\u012bt organiz\u0101cijas att\u012bst\u012bbai 3 So\u013ci k\u0101 k\u013c\u016bt par biedru Aizpildi interesenta formu \u00a0\u013bauj mums uzzin\u0101t par Tevi.\u00a0 M\u0113s ar Tevi sazin\u0101simies. Interesenta [&hellip;]<\/p>","protected":false},"author":1,"featured_media":0,"parent":0,"menu_order":0,"comment_status":"closed","ping_status":"closed","template":"","meta":{"_breakdance_hide_in_design_set":false,"_breakdance_tags":"","footnotes":""},"class_list":["post-101","page","type-page","status-publish","hentry"],"_links":{"self":[{"href":"https:\/\/jci.lv\/en\/wp-json\/wp\/v2\/pages\/101","targetHints":{"allow":["GET"]}}],"collection":[{"href":"https:\/\/jci.lv\/en\/wp-json\/wp\/v2\/pages"}],"about":[{"href":"https:\/\/jci.lv\/en\/wp-json\/wp\/v2\/types\/page"}],"author":[{"embeddable":true,"href":"https:\/\/jci.lv\/en\/wp-json\/wp\/v2\/users\/1"}],"replies":[{"embeddable":true,"href":"https:\/\/jci.lv\/en\/wp-json\/wp\/v2\/comments?post=101"}],"version-history":[{"count":8,"href":"https:\/\/jci.lv\/en\/wp-json\/wp\/v2\/pages\/101\/revisions"}],"predecessor-version":[{"id":291,"href":"https:\/\/jci.lv\/en\/wp-json\/wp\/v2\/pages\/101\/revisions\/291"}],"wp:attachment":[{"href":"https:\/\/jci.lv\/en\/wp-json\/wp\/v2\/media?parent=101"}],"curies":[{"name":"wp","href":"https:\/\/api.w.org\/{rel}","templated":true}]}}