{"id":87,"date":"2025-07-30T19:57:08","date_gmt":"2025-07-30T19:57:08","guid":{"rendered":"https:\/\/jci.lv\/?page_id=87"},"modified":"2026-04-22T08:28:25","modified_gmt":"2026-04-22T08:28:25","slug":"kontakti","status":"publish","type":"page","link":"http:\/\/jci.lv\/en\/kontakti\/","title":{"rendered":"Contact"},"content":{"rendered":"<section class=\"bde-section-87-201 bde-section\">\n  \n  \n\t\n\n\n\n<div class=\"section-container\"><h2 class=\"bde-heading-87-101 bde-heading\">\nContact us\n<\/h2><\/div>\n<\/section><section class=\"bde-section-87-100 bde-section\">\n  \n  \n\t\n\n\n\n<div class=\"section-container\"><div class=\"bde-div-87-204 bde-div\">\n  \n  \n\t\n\n\n\n<div id=\"contact-form\" class=\"bde-form-builder-87-200 bde-form-builder\" data-no-translation=\"\">\n\n\n<form id=\"kontaktu-forma200\" class=\"breakdance-form breakdance-form--vertical\" data-options=\"{&quot;slug&quot;:&quot;custom&quot;,&quot;name&quot;:&quot;Kontaktu forma&quot;,&quot;ajaxUrl&quot;:&quot;https:\\\/\\\/jci.lv\\\/wp-admin\\\/admin-ajax.php&quot;,&quot;clearOnSuccess&quot;:true,&quot;hideOnSuccess&quot;:true,&quot;successMessage&quot;:&quot;Your message has been sent!&quot;,&quot;errorMessage&quot;:&quot;Something went wrong&quot;,&quot;redirect&quot;:false,&quot;redirectUrl&quot;:&quot;&quot;,&quot;customJavaScript&quot;:&quot;&quot;,&quot;recaptcha&quot;:{&quot;key&quot;:&quot;6LfJDpsrAAAAAE3d7TQqsITxVraoAJspxSjTok8V&quot;,&quot;enabled&quot;:true},&quot;honeypot_enabled&quot;:true,&quot;popupsOnSuccess&quot;:[],&quot;popupsOnError&quot;:[]}\" data-steps=\"0\" action=\"\" >\n  \n  \n  \n<div class=\"breakdance-form-field breakdance-form-field--select\" >\n    \n    \n            <label class=\"breakdance-form-field__label\" for=\"message theme\">\n            Zi\u0146ojuma t\u0113ma<span class=\"breakdance-form-field__required\">*<\/span>\n        <\/label>\n    \n    <select\n    class=\"breakdance-form-field__input\"\n    id=\"message theme\"\n    name=\"fields[message theme]\"\n    required\n>\n      <option value=\"\">--Izv\u0113l\u0113ties--<\/option>\n          <option value=\"Sadarb\u012bb\u0101m\/ partneriem\" >Sadarb\u012bb\u0101m\/ partneriem<\/option>\n        <option value=\"V\u0113los k\u013c\u016bt par biedru\" >V\u0113los k\u013c\u016bt par biedru<\/option>\n        <option value=\"V\u0113los uzzin\u0101t vair\u0101k par JCI\" >V\u0113los uzzin\u0101t vair\u0101k par JCI<\/option>\n        <option value=\"Cita\" >Cita t\u0113ma<\/option>\n  <\/select>\n\n\n    \n    \n<\/div>\n\n\n<div class=\"breakdance-form-field breakdance-form-field--text\" >\n    \n    \n            <label class=\"breakdance-form-field__label\" for=\"rgrclg\">\n            V\u0101rds, uzv\u0101rds<span class=\"breakdance-form-field__required\">*<\/span>\n        <\/label>\n    \n    <input\n    class=\"breakdance-form-field__input\"\n    id=\"rgrclg\"\n    aria-describedby=\"rgrclg\"\n    type=\"text\"\n    name=\"fields[rgrclg]\"\n    placeholder=\"\"\n    value=\"\"\n                \n        \n        \n    required\n>\n\n\n    \n    \n<\/div>\n\n\n<div class=\"breakdance-form-field breakdance-form-field--email\" >\n    \n    \n            <label class=\"breakdance-form-field__label\" for=\"email\">\n            E-pasts<span class=\"breakdance-form-field__required\">*<\/span>\n        <\/label>\n    \n    <input\n    class=\"breakdance-form-field__input\"\n    id=\"email\"\n    aria-describedby=\"email\"\n    type=\"email\"\n    name=\"fields[email]\"\n    placeholder=\"\"\n    value=\"\"\n                \n        \n        \n    required\n>\n\n\n    \n    \n<\/div>\n\n\n<div class=\"breakdance-form-field breakdance-form-field--number\" >\n    \n    \n            <label class=\"breakdance-form-field__label\" for=\"jetlvc\">\n            Telefona nr.\n        <\/label>\n    \n    <input\n    class=\"breakdance-form-field__input\"\n    id=\"jetlvc\"\n    aria-describedby=\"jetlvc\"\n    type=\"number\"\n    name=\"fields[jetlvc]\"\n    placeholder=\"\"\n    value=\"\"\n                \n        \n        \n    \n    \n    \n>\n\n\n    \n    \n<\/div>\n\n\n<div class=\"breakdance-form-field breakdance-form-field--textarea\" >\n    \n    \n            <label class=\"breakdance-form-field__label\" for=\"message\">\n            Zi\u0146a<span class=\"breakdance-form-field__required\">*<\/span>\n        <\/label>\n    \n    <textarea\n    class=\"breakdance-form-field__input\"\n    id=\"message\"\n    aria-describedby=\"message\"\n    type=\"textarea\"\n    name=\"fields[message]\"\n        placeholder=\"\"\n    required\n>\n<\/textarea>\n\n\n    \n    \n<\/div>\n\n\n<div class=\"breakdance-form-field breakdance-form-field--hpinput\" >\n    \n    \n            <label class=\"breakdance-form-field__label\" for=\"hpname\">\n            HP Name\n        <\/label>\n    \n    <input\n    class=\"breakdance-form-field__input\"\n    id=\"hpname\"\n    aria-describedby=\"hpname\"\n    type=\"hpinput\"\n    name=\"fields[hpname]\"\n    placeholder=\"\"\n    value=\"\"\n                \n        \n        \n    \n    autocomplete=\"off\"\n    tabindex=\"-1\">\n\n\n    \n    \n<\/div>\n\n\n<div class=\"breakdance-form-field breakdance-form-field--hidden\" >\n    \n    \n    \n    <input\n    id=\"csrf-token-200\"\n    type=\"hidden\"\n    name=\"fields[csrfToken]\"\n    value=\"7bc61880a6\"\n    >\n\n\n    \n    \n<\/div>\n\n\n  \n\n<div class=\"breakdance-form-field breakdance-form-footer\">\n    \n    \n                                    \n    \n    \n    \n    \n            \n            <button type=\"submit\" class=\"button-atom button-atom--primary breakdance-form-button breakdance-form-button__submit\"  >\n    \n        <span class=\"button-atom__text\">Nos\u016bt\u012bt zi\u0146ojumu<\/span>\n\n        \n        \n            <\/button>\n    \n    <input type=\"hidden\" name=\"form_id\" value=\"200\">\n    <input type=\"hidden\" name=\"post_id\" value=\"87\">\n<\/div>\n\n  \n<input type=\"hidden\" name=\"trp-form-language\" value=\"en\"\/><\/form>\n\n\n\n<\/div>\n<\/div><\/div>\n<\/section><section class=\"bde-section-87-203 bde-section\">\n  \n  \n\t\n\n\n\n<div class=\"section-container\"><h3 class=\"bde-heading-87-175 bde-heading\">\nBoard\n<\/h3><div class=\"bde-columns-87-103 bde-columns\"><div class=\"bde-column-87-104 bde-column\">\n  \n  \n\t\n\n\n\n<div class=\"bde-image-87-105 bde-image\">\n<figure class=\"breakdance-image breakdance-image--89\">\n\t<div class=\"breakdance-image-container\">\n\t\t<div class=\"breakdance-image-clip\"><img loading=\"lazy\" decoding=\"async\" class=\"breakdance-image-object\" src=\"https:\/\/jci.lv\/wp-content\/uploads\/2025\/07\/IMG_0842-200x300.jpg\" width=\"200\" height=\"300\" srcset=\"https:\/\/jci.lv\/wp-content\/uploads\/2025\/07\/IMG_0842-200x300.jpg 200w, https:\/\/jci.lv\/wp-content\/uploads\/2025\/07\/IMG_0842-683x1024.jpg 683w, https:\/\/jci.lv\/wp-content\/uploads\/2025\/07\/IMG_0842-768x1151.jpg 768w, https:\/\/jci.lv\/wp-content\/uploads\/2025\/07\/IMG_0842-1025x1536.jpg 1025w\" sizes=\"auto, (max-width: 200px) 100vw, 200px\"><\/div>\n\t<\/div><\/figure>\n\n<\/div><h3 class=\"bde-heading-87-106 bde-heading\">\nMarta Rautenschild\n<\/h3><div class=\"bde-text-87-107 bde-text\">\nNational President\n<\/div><div class=\"bde-social-icons-87-108 bde-social-icons\">\n                  \n            \n            \n\n    \n    \n    \n    \n    \n    <a class=\"breakdance-link bde-social-icons__icon-wrapper bde-social-icons__icon-facebook\" href=\"https:\/\/www.facebook.com\/marta.mezgls\" target=\"_self\" data-type=\"url\" aria-label=\"facebook\" >\n\n             <svg xmlns=\"http:\/\/www.w3.org\/2000\/svg\" width=\"100%\" viewbox=\"0 0 24 24\">\n            <path d=\"M9 8h-3v4h3v12h5v-12h3.642l.358-4h-4v-1.667c0-.955.192-1.333 1.115-1.333h2.885v-5h-3.808c-3.596 0-5.192 1.583-5.192 4.615v3.385z\"\/>\n       <\/svg>\n              <\/a>\n\n                    \n            \n            \n\n    \n    \n    \n    \n    \n    <a class=\"breakdance-link bde-social-icons__icon-wrapper bde-social-icons__icon-linkedin\" href=\"https:\/\/www.linkedin.com\/in\/rautenschild\/\" target=\"_self\" data-type=\"url\" aria-label=\"linkedin\" >\n\n             <svg xmlns=\"http:\/\/www.w3.org\/2000\/svg\" width=\"100%\" viewbox=\"-4 -2 32 32\">\n            <path d=\"M4.98 3.5c0 1.381-1.11 2.5-2.48 2.5s-2.48-1.119-2.48-2.5c0-1.38 1.11-2.5 2.48-2.5s2.48 1.12 2.48 2.5zm.02 4.5h-5v16h5v-16zm7.982 0h-4.968v16h4.969v-8.399c0-4.67 6.029-5.052 6.029 0v8.399h4.988v-10.131c0-7.88-8.922-7.593-11.018-3.714v-2.155z\"\/>\n       <\/svg>\n              <\/a>\n\n    \n<\/div>\n<\/div><div class=\"bde-column-87-165 bde-column\">\n  \n  \n\t\n\n\n\n<div class=\"bde-image-87-166 bde-image\">\n<figure class=\"breakdance-image breakdance-image--91\">\n\t<div class=\"breakdance-image-container\">\n\t\t<div class=\"breakdance-image-clip\"><img loading=\"lazy\" decoding=\"async\" class=\"breakdance-image-object\" src=\"https:\/\/jci.lv\/wp-content\/uploads\/2025\/07\/WhatsApp-Image-2025-07-29-at-13.57.44-300x300.jpeg\" width=\"300\" height=\"300\" srcset=\"https:\/\/jci.lv\/wp-content\/uploads\/2025\/07\/WhatsApp-Image-2025-07-29-at-13.57.44.jpeg 2448w, https:\/\/jci.lv\/wp-content\/uploads\/2025\/07\/WhatsApp-Image-2025-07-29-at-13.57.44-300x300.jpeg 300w, https:\/\/jci.lv\/wp-content\/uploads\/2025\/07\/WhatsApp-Image-2025-07-29-at-13.57.44-1024x1024.jpeg 1024w, https:\/\/jci.lv\/wp-content\/uploads\/2025\/07\/WhatsApp-Image-2025-07-29-at-13.57.44-150x150.jpeg 150w, https:\/\/jci.lv\/wp-content\/uploads\/2025\/07\/WhatsApp-Image-2025-07-29-at-13.57.44-768x768.jpeg 768w, https:\/\/jci.lv\/wp-content\/uploads\/2025\/07\/WhatsApp-Image-2025-07-29-at-13.57.44-1536x1536.jpeg 1536w, https:\/\/jci.lv\/wp-content\/uploads\/2025\/07\/WhatsApp-Image-2025-07-29-at-13.57.44-2048x2048.jpeg 2048w\" sizes=\"auto, (max-width: 2448px) 100vw, 2448px\"><\/div>\n\t<\/div><\/figure>\n\n<\/div><h3 class=\"bde-heading-87-167 bde-heading\">\nKrista <br>Heel\n<\/h3><div class=\"bde-text-87-168 bde-text\">\nSecretary-General responsible\n<\/div><div class=\"bde-social-icons-87-169 bde-social-icons\">\n                  \n            \n            \n\n    \n    \n    \n    \n    \n    <a class=\"breakdance-link bde-social-icons__icon-wrapper bde-social-icons__icon-facebook\" href=\"https:\/\/www.facebook.com\/krista.papede\" target=\"_self\" data-type=\"url\" aria-label=\"facebook\" >\n\n             <svg xmlns=\"http:\/\/www.w3.org\/2000\/svg\" width=\"100%\" viewbox=\"0 0 24 24\">\n            <path d=\"M9 8h-3v4h3v12h5v-12h3.642l.358-4h-4v-1.667c0-.955.192-1.333 1.115-1.333h2.885v-5h-3.808c-3.596 0-5.192 1.583-5.192 4.615v3.385z\"\/>\n       <\/svg>\n              <\/a>\n\n                    \n            \n            \n\n    \n    \n    \n    \n    \n    <a class=\"breakdance-link bde-social-icons__icon-wrapper bde-social-icons__icon-linkedin\" href=\"https:\/\/www.linkedin.com\/in\/krista-pap%C4%93de-3394b320b\/\" target=\"_self\" data-type=\"url\" aria-label=\"linkedin\" >\n\n             <svg xmlns=\"http:\/\/www.w3.org\/2000\/svg\" width=\"100%\" viewbox=\"-4 -2 32 32\">\n            <path d=\"M4.98 3.5c0 1.381-1.11 2.5-2.48 2.5s-2.48-1.119-2.48-2.5c0-1.38 1.11-2.5 2.48-2.5s2.48 1.12 2.48 2.5zm.02 4.5h-5v16h5v-16zm7.982 0h-4.968v16h4.969v-8.399c0-4.67 6.029-5.052 6.029 0v8.399h4.988v-10.131c0-7.88-8.922-7.593-11.018-3.714v-2.155z\"\/>\n       <\/svg>\n              <\/a>\n\n    \n<\/div>\n<\/div><div class=\"bde-column-87-160 bde-column\">\n  \n  \n\t\n\n\n\n<div class=\"bde-image-87-161 bde-image\">\n<figure class=\"breakdance-image breakdance-image--92\">\n\t<div class=\"breakdance-image-container\">\n\t\t<div class=\"breakdance-image-clip\"><img loading=\"lazy\" decoding=\"async\" class=\"breakdance-image-object\" src=\"https:\/\/jci.lv\/wp-content\/uploads\/2025\/07\/1-2.png\" width=\"250\" height=\"299\" sizes=\"auto, (max-width: 250px) 100vw, 250px\"><\/div>\n\t<\/div><\/figure>\n\n<\/div><h3 class=\"bde-heading-87-162 bde-heading\">\nSanda Medne Di Rikko\n<\/h3><div class=\"bde-text-87-163 bde-text\">\nNational President 2024\n<\/div><div class=\"bde-social-icons-87-164 bde-social-icons\">\n                  \n            \n            \n\n    \n    \n    \n    \n    \n    <a class=\"breakdance-link bde-social-icons__icon-wrapper bde-social-icons__icon-facebook\" href=\"https:\/\/www.facebook.com\/sanda.medne\" target=\"_self\" data-type=\"url\" aria-label=\"facebook\" >\n\n             <svg xmlns=\"http:\/\/www.w3.org\/2000\/svg\" width=\"100%\" viewbox=\"0 0 24 24\">\n            <path d=\"M9 8h-3v4h3v12h5v-12h3.642l.358-4h-4v-1.667c0-.955.192-1.333 1.115-1.333h2.885v-5h-3.808c-3.596 0-5.192 1.583-5.192 4.615v3.385z\"\/>\n       <\/svg>\n              <\/a>\n\n                    \n            \n            \n\n    \n    \n    \n    \n    \n    <a class=\"breakdance-link bde-social-icons__icon-wrapper bde-social-icons__icon-linkedin\" href=\"https:\/\/www.linkedin.com\/in\/sandamednedirico\/\" target=\"_self\" data-type=\"url\" aria-label=\"linkedin\" >\n\n             <svg xmlns=\"http:\/\/www.w3.org\/2000\/svg\" width=\"100%\" viewbox=\"-4 -2 32 32\">\n            <path d=\"M4.98 3.5c0 1.381-1.11 2.5-2.48 2.5s-2.48-1.119-2.48-2.5c0-1.38 1.11-2.5 2.48-2.5s2.48 1.12 2.48 2.5zm.02 4.5h-5v16h5v-16zm7.982 0h-4.968v16h4.969v-8.399c0-4.67 6.029-5.052 6.029 0v8.399h4.988v-10.131c0-7.88-8.922-7.593-11.018-3.714v-2.155z\"\/>\n       <\/svg>\n              <\/a>\n\n    \n<\/div>\n<\/div><\/div><\/div>\n<\/section>","protected":false},"excerpt":{"rendered":"<p>Sazinies ar mums Zi\u0146ojuma t\u0113ma* &#8211;Izv\u0113l\u0113ties&#8211; Sadarb\u012bb\u0101m\/ partneriem V\u0113los k\u013c\u016bt par biedru V\u0113los uzzin\u0101t vair\u0101k par JCI Cita t\u0113ma V\u0101rds, uzv\u0101rds* E-pasts* Telefona nr. Zi\u0146a* HP Name Nos\u016bt\u012bt zi\u0146ojumu Valde Marta Rauten\u0161ilde Nacion\u0101l\u0101 Prezidente\u2028\u2028 Krista Pap\u0113de Atbild\u012bg\u0101 \u0122ener\u0101lsekret\u0101re Sanda Medne Di Rikko Nacion\u0101l\u0101 Prezidente 2024<\/p>","protected":false},"author":1,"featured_media":0,"parent":0,"menu_order":0,"comment_status":"closed","ping_status":"closed","template":"","meta":{"_breakdance_hide_in_design_set":false,"_breakdance_tags":"","footnotes":""},"class_list":["post-87","page","type-page","status-publish","hentry"],"_links":{"self":[{"href":"http:\/\/jci.lv\/en\/wp-json\/wp\/v2\/pages\/87","targetHints":{"allow":["GET"]}}],"collection":[{"href":"http:\/\/jci.lv\/en\/wp-json\/wp\/v2\/pages"}],"about":[{"href":"http:\/\/jci.lv\/en\/wp-json\/wp\/v2\/types\/page"}],"author":[{"embeddable":true,"href":"http:\/\/jci.lv\/en\/wp-json\/wp\/v2\/users\/1"}],"replies":[{"embeddable":true,"href":"http:\/\/jci.lv\/en\/wp-json\/wp\/v2\/comments?post=87"}],"version-history":[{"count":32,"href":"http:\/\/jci.lv\/en\/wp-json\/wp\/v2\/pages\/87\/revisions"}],"predecessor-version":[{"id":288,"href":"http:\/\/jci.lv\/en\/wp-json\/wp\/v2\/pages\/87\/revisions\/288"}],"wp:attachment":[{"href":"http:\/\/jci.lv\/en\/wp-json\/wp\/v2\/media?parent=87"}],"curies":[{"name":"wp","href":"https:\/\/api.w.org\/{rel}","templated":true}]}}